{"id":3415,"date":"2023-06-23T06:57:23","date_gmt":"2023-06-23T06:57:23","guid":{"rendered":"https:\/\/helloline.pl\/?page_id=3415"},"modified":"2024-05-06T18:40:22","modified_gmt":"2024-05-06T18:40:22","slug":"busy-poznan-padeborn","status":"publish","type":"page","link":"https:\/\/helloline.pl\/busy-poznan-padeborn\/","title":{"rendered":"Busy Pozna\u0144 &#8211; Padeborn"},"content":{"rendered":"<p><img decoding=\"async\" width=\"1568\" height=\"245\" src=\"https:\/\/helloline.pl\/wp-content\/uploads\/2022\/12\/belgia.png\" alt=\"polska belgia busy\" loading=\"lazy\" srcset=\"https:\/\/helloline.pl\/wp-content\/uploads\/2022\/12\/belgia.png 1568w, https:\/\/helloline.pl\/wp-content\/uploads\/2022\/12\/belgia-300x47.png 300w, https:\/\/helloline.pl\/wp-content\/uploads\/2022\/12\/belgia-1024x160.png 1024w, https:\/\/helloline.pl\/wp-content\/uploads\/2022\/12\/belgia-768x120.png 768w, https:\/\/helloline.pl\/wp-content\/uploads\/2022\/12\/belgia-1536x240.png 1536w\" sizes=\"auto, (max-width: 1568px) 100vw, 1568px\" \/>\t\t\t\t\t\t\t\t\t\t\t\t\t\t\t<\/p>\n<p>Trasa<\/p>\n<h1>Busy Pozna\u0144 &#8211; Padeborn<br \/>\n<\/h1>\n<p>Zaplanujesz wyjazd zagranic\u0119 i szukasz najlepszej opcji transportu? Skorzystaj z Hello Line! Dzi\u0119ki nam dotrzesz z Polski do Niemiec, Holandii i Belgii. W zwi\u0105zku z tym, \u017ce oferujemy codzienne kursy, na pewno znajdziesz dogodny termin dla siebie. Nie musisz martwi\u0107 si\u0119 o dojazd na miejsce, poniewa\u017c dzia\u0142amy w systemie door-to-door, co oznacza, \u017ce podejdziemy pod wskazany przez Ciebie adres. To samo dotyczy drogi powrotnej z zagranicy do Polski. Skorzystaj z naszych us\u0142ug i ciesz si\u0119 bezpieczn\u0105 i wygodn\u0105 podr\u00f3\u017c\u0105!<\/p>\n<p>Zaplanuj swoj\u0105 podr\u00f3\u017c<\/p>\n<h2>Rezerwacja przejazdu online<\/h2>\n<h3>Wa\u017cne informacje<\/h3>\n<p>Klikaj\u0105c przycisk &#8222;Rezerwuje przejazd&#8221; akceptujesz regulamin przewoz\u00f3w oraz wyra\u017casz zgod\u0119 na przetwarzanie danych osobowych.<br \/>Istnieje tak\u017ce mo\u017cliwo\u015b\u0107 rezerwacji telefonicznie pod numerem 534 001 001.<\/p>\n<p>\u00a0<\/p>\n<p>\t\t\t<a href=\"#\" role=\"button\"><br \/>\n\t\t\t\t\t\tRegulamin<br \/>\n\t\t\t\t\t<\/a><br \/>\n\t\t\t<a role=\"button\"><br \/>\n\t\t\t\t\t\tZadzwo\u0144 teraz!<br \/>\n\t\t\t\t\t<\/a><br \/>\n\t\t\t<iframe loading=\"lazy\" src=\"https:\/\/www.google.com\/maps\/d\/embed?mid=1oR8w4xkA9f_aXfP-uCRqHjksY7IMT7-8&#038;ehbc=2E312F\" width=\"640\" height=\"480\"><\/iframe>\t\t<\/p>\n<h3>Busy na trasie Pozna\u0144 &#8211; Padeborn<br \/>\n\u200b<\/h3>\n<p>Co jeszcze wyr\u00f3\u017cnia Hello Line? Oferujemy busy do przewozu os\u00f3b i przesy\u0142ek za granic\u0119. Wsp\u00f3\u0142pracujemy z Klientami indywidualnymi oraz wi\u0119kszymi firmami, zapewniaj\u0105c us\u0142ugi spedycyjne na najwy\u017cszym poziomie. Jeste\u015bmy w stanie przetransportowa\u0107 r\u00f3\u017cnego rodzaju \u0142adunki, w tym bardziej wymagaj\u0105ce po uprzedniej konsultacji szczeg\u00f3\u0142\u00f3w z Klientem.<\/p>\n<h3>Busy na trasie Pozna\u0144 &#8211; Padeborn<br \/>\n\u200b<\/h3>\n<p>Poszukujesz transportu do Niemiec, Belgii lub Holandii? To \u015bwietnie, poniewa\u017c oferujemy przew\u00f3z os\u00f3b lub paczek w wybrane miejsce w tych krajach. Nasza dru\u017cyna sk\u0142ada si\u0119 z ludzi z pasj\u0105, mi\u0119dzy innymi z do\u015bwiadczonych kierowc\u00f3w, kt\u00f3rzy zdobywali do\u015bwiadczenie na mi\u0119dzynarodowych trasach. Zawsze dbamy o naszych klient\u00f3w &#8211; poza umiej\u0119tno\u015bciami prowadzenia pojazd\u00f3w i znajomo\u015bci\u0105 przepis\u00f3w drogowych odznaczamy si\u0119 wysok\u0105 kultur\u0105 osobist\u0105. Przygotowuj\u0105c nasze busy do podr\u00f3\u017cy za granic\u0119, zwracamy uwag\u0119 na ich stan techniczny i odpowiednie wyposa\u017cenie. Wszystkie auta w floty Hello Line posiadaj\u0105 modu\u0142y GPS, umo\u017cliwiaj\u0105ce \u015bledzenie ich lokalizacji na bie\u017c\u0105co. Co istotne, ka\u017cdy pasa\u017cer podczas jazdy w kraju i za granic\u0105 jest ubezpieczony, co daje gwarancj\u0119 bezpiecze\u0144stwa. Naszym celem jest zadowolenie klienta, a to mo\u017cesz sprawdzi\u0107, korzystaj\u0105c z naszych us\u0142ug!<\/p>\n<h2>Opinie naszych klient\u00f3w<\/h2>\n<p>\t\t\t\t\t\t\t<img decoding=\"async\" src=\"https:\/\/helloline.pl\/wp-content\/uploads\/2022\/01\/122625806_alice-byrne1.jpg\" alt=\"Malwina\"><br \/>\n\t\t\t\t\t\t\t\t\t\t<cite>Malwina<i>&#xE934;<\/i><i>&#xE934;<\/i><i>&#xE934;<\/i><i>&#xE934;<\/i><i>&#xE934;<\/i><\/cite>\t\t\t\t\tRead More<br \/>\n\t\t\t\t\t\tNie ma problemu z kontaktem, <\/br>na messengerze <\/br> odpisuj\u0105 raz dwa,  <\/br>polecam  <\/br>????<br \/>\n\t\t\t\t\t\t\t<img decoding=\"async\" src=\"https:\/\/helloline.pl\/wp-content\/uploads\/2022\/01\/images.jpg\" alt=\"Weronika\"><br \/>\n\t\t\t\t\t\t\t\t\t\t<cite>Weronika<i>&#xE934;<\/i><i>&#xE934;<\/i><i>&#xE934;<\/i><i>&#xE934;<\/i><i>&#xE934;<\/i><\/cite>\t\t\t\t\tRead More<br \/>\n\t\t\t\t\t\tPolecam z ca\u0142ego serca! Podr\u00f3\u017c trwa\u0142a zaledwie 15 godzin, jeszcze nigdy tak szybko i bezpiecznie nie dojecha\u0142am do Niemiec ???? polecam! \u2665\ufe0f<br \/>\n\t\t\t\t\t\t\t<img decoding=\"async\" src=\"https:\/\/helloline.pl\/wp-content\/uploads\/2022\/01\/istockphoto-1179023322-612x612-1.jpg\" alt=\"Bo\u017cena\"><br \/>\n\t\t\t\t\t\t\t\t\t\t<cite>Bo\u017cena<i>&#xE934;<\/i><i>&#xE934;<\/i><i>&#xE934;<\/i><i>&#xE934;<\/i><i>&#xE934;<\/i><\/cite>\t\t\t\t\tRead More<br \/>\n\t\t\t\t\t\tDzi\u0119ki za przejazd ???? bezpiecze\u0144stwo + wygoda = zadowolony klient ???????? polecam ????????????<br \/>\n\t\t\t\t\t\t\t<img decoding=\"async\" src=\"https:\/\/helloline.pl\/wp-content\/uploads\/2022\/01\/ec011710b872424aae9ff149668cdd58.jpg\" alt=\"Ilona\"><br \/>\n\t\t\t\t\t\t\t\t\t\t<cite>Ilona<i>&#xE934;<\/i><i>&#xE934;<\/i><i>&#xE934;<\/i><i>&#xE934;<\/i><i>&#xE934;<\/i><\/cite>\t\t\t\t\tRead More<br \/>\n\t\t\t\t\t\tW niedziel\u0119 z wami jad\u0119 <\/br> i to nie pierwszy raz <\/br>dla zainteresowanych <\/br>polecam  <\/br>????????????????<br \/>\n\t\t\t\t\t\t\t<img decoding=\"async\" src=\"https:\/\/helloline.pl\/wp-content\/uploads\/2022\/01\/icon-256x256-1.png\" alt=\"Agnieszka\"><br \/>\n\t\t\t\t\t\t\t\t\t\t<cite>Agnieszka<\/cite>\t\t\t\t\tRead More<br \/>\n\t\t\t\t\t\t\u015awietna firma jak najbardziej polecam \u270c\ufe0f\u200b<br \/>\n\t\t\t\t\t\t\t<img decoding=\"async\" src=\"https:\/\/helloline.pl\/wp-content\/uploads\/2022\/01\/woman-3666659_1280.jpg\" alt=\"Justyna\"><br \/>\n\t\t\t\t\t\t\t\t\t\t<cite>Justyna<\/cite>\t\t\t\t\tRead More<br \/>\n\t\t\t\t\t\tFirma godna polecenia, b\u0119d\u0119 korzysta\u0107 z us\u0142ug\u200b<br \/>\n\t\t\t\t\t\t\t<img decoding=\"async\" src=\"https:\/\/helloline.pl\/wp-content\/uploads\/2022\/01\/0158630dad9aaf24aedb6b4068039c2b.jpg\" alt=\"Marzena\"><br \/>\n\t\t\t\t\t\t\t\t\t\t<cite>Marzena<\/cite>\t\t\t\t\tRead More<br \/>\n\t\t\t\t\t\tSuper firma  polecam<br \/>\n\t\t\t\t\t\t\t<img decoding=\"async\" src=\"https:\/\/helloline.pl\/wp-content\/uploads\/2022\/01\/woman-3666659_1280.jpg\" alt=\"Justyna\"><br \/>\n\t\t\t\t\t\t\t\t\t\t<cite>Justyna<\/cite>\t\t\t\t\tRead More<br \/>\n\t\t\t\t\t\tPolecam firm\u0119, \u015bwietny kontakt, kierowcy super ????\u200b<br \/>\n\t\t\t\t\t\t\t<img decoding=\"async\" src=\"https:\/\/helloline.pl\/wp-content\/uploads\/2022\/01\/images-1.jpg\" alt=\"Margarita\"><br \/>\n\t\t\t\t\t\t\t\t\t\t<cite>Margarita<\/cite>\t\t\t\t\tRead More<br \/>\n\t\t\t\t\t\tPolecam firm\u0119, \u015bwietny kontakt, kierowcy super ????\u200b<br \/>\n\t\t\t\t\t\t\t<img decoding=\"async\" src=\"https:\/\/helloline.pl\/wp-content\/uploads\/2022\/01\/pobrany-plik-1.jpg\" alt=\"Bo\u017cena\"><br \/>\n\t\t\t\t\t\t\t\t\t\t<cite>Bo\u017cena<\/cite>\t\t\t\t\tRead More<br \/>\n\t\t\t\t\t\tSuper firma.<br \/>\nPozdrawiam. ????????<br \/>\n\t\t\t\t\t\t\t<img decoding=\"async\" src=\"https:\/\/helloline.pl\/wp-content\/plugins\/elementor\/assets\/images\/placeholder.png\" alt=\"Dariusz\"><br \/>\n\t\t\t\t\t\t\t\t\t\t<cite>Dariusz<i>&#xE934;<\/i><i>&#xE934;<\/i><i>&#xE934;<\/i><i>&#xE934;<\/i><i>&#xE934;<\/i><\/cite>\t\t\t\t\tRead More<br \/>\n\t\t\t\t\t\tSuper przewo\u017anik!!! <\/br>Polecam!!!<br \/>\n\t\t\t\t\t\t\t<img decoding=\"async\" src=\"https:\/\/helloline.pl\/wp-content\/uploads\/2022\/01\/images-3.jpg\" alt=\"Renata\"><br \/>\n\t\t\t\t\t\t\t\t\t\t<cite>Renata<i>&#xE934;<\/i><i>&#xE934;<\/i><i>&#xE934;<\/i><i>&#xE934;<\/i><i>&#xE934;<\/i><\/cite>\t\t\t\t\tRead More<br \/>\n\t\t\t\t\t\tJestem bardzo zadowolona z tej firmy\u200b<br \/>\n\t\t\t\t\t\t\t<img decoding=\"async\" src=\"https:\/\/helloline.pl\/wp-content\/plugins\/elementor\/assets\/images\/placeholder.png\" alt=\"Dorota\"><br \/>\n\t\t\t\t\t\t\t\t\t\t<cite>Dorota<i>&#xE934;<\/i><i>&#xE934;<\/i><i>&#xE934;<\/i><i>&#xE934;<\/i><i>&#xE934;<\/i><\/cite>\t\t\t\t\tRead More<br \/>\n\t\t\t\t\t\tSuper <br \/> firma<br \/>\n\t\t\t\t\t\t\t<img decoding=\"async\" src=\"https:\/\/helloline.pl\/wp-content\/uploads\/2022\/01\/images-2.jpg\" alt=\"Katarzyna\"><br \/>\n\t\t\t\t\t\t\t\t\t\t<cite>Katarzyna<i>&#xE934;<\/i><i>&#xE934;<\/i><i>&#xE934;<\/i><i>&#xE934;<\/i><i>&#xE934;<\/i><\/cite>\t\t\t\t\tRead More<br \/>\n\t\t\t\t\t\tSuper firma <\/br>Polecam<br \/>\n\t\t\t\t\t\t\t\t\t\t<cite>Halina<i>&#xE934;<\/i><i>&#xE934;<\/i><i>&#xE934;<\/i><i>&#xE934;<\/i><i>&#xE934;<\/i><\/cite>\t\t\t\t\tRead More<br \/>\n\t\t\t\t\t\tSuper firma<br \/>\ngor\u0105co polecam<br \/>\n\t\t\t\t\t\t\t\t\t\t\t\t\t\tPrevious<br \/>\n\t\t\t\t\t\t\t\t\t\t\t\t\t\tNext<\/p>\n","protected":false},"excerpt":{"rendered":"<p>Trasa Busy Pozna\u0144 &#8211; Padeborn Zaplanujesz wyjazd zagranic\u0119 i szukasz najlepszej opcji transportu? Skorzystaj z Hello Line! Dzi\u0119ki nam dotrzesz z Polski do Niemiec, Holandii i Belgii. W zwi\u0105zku z tym, \u017ce oferujemy codzienne kursy, na pewno znajdziesz dogodny termin dla siebie. Nie musisz martwi\u0107 si\u0119 o dojazd na miejsce, poniewa\u017c dzia\u0142amy w systemie door-to-door, [&hellip;]<\/p>\n","protected":false},"author":1,"featured_media":0,"parent":0,"menu_order":0,"comment_status":"closed","ping_status":"closed","template":"","meta":{"_acf_changed":false,"_et_pb_use_builder":"","_et_pb_old_content":"","_et_gb_content_width":"","footnotes":""},"class_list":["post-3415","page","type-page","status-publish","hentry"],"acf":[],"yoast_head":"<!-- This site is optimized with the Yoast SEO plugin v27.5 - https:\/\/yoast.com\/product\/yoast-seo-wordpress\/ -->\n<title>Busy Pozna\u0144 - Padeborn z adresu pod adres | Hello Line<\/title>\n<meta name=\"description\" content=\"Interesuje Ci\u0119 rezerwacja busa na trasie Pozna\u0144 - Padeborn, oferujemy busy z dowozem z adresu na adres. Sprawd\u017a ofert\u0119 Hello Line z nowoczesn\u0105 flot\u0105!\" \/>\n<meta name=\"robots\" content=\"index, follow, max-snippet:-1, max-image-preview:large, max-video-preview:-1\" \/>\n<link rel=\"canonical\" href=\"https:\/\/helloline.pl\/busy-poznan-padeborn\/\" \/>\n<meta property=\"og:locale\" content=\"pl_PL\" \/>\n<meta property=\"og:type\" content=\"article\" \/>\n<meta property=\"og:title\" content=\"Busy Pozna\u0144 - Padeborn z adresu pod adres | Hello Line\" \/>\n<meta property=\"og:description\" content=\"Interesuje Ci\u0119 rezerwacja busa na trasie Pozna\u0144 - Padeborn, oferujemy busy z dowozem z adresu na adres. Sprawd\u017a ofert\u0119 Hello Line z nowoczesn\u0105 flot\u0105!\" \/>\n<meta property=\"og:site_name\" content=\"Busy do Belgii, Holandii i Niemiec z Polski\" \/>\n<meta property=\"article:modified_time\" content=\"2024-05-06T18:40:22+00:00\" \/>\n<meta property=\"og:image\" content=\"https:\/\/helloline.pl\/wp-content\/uploads\/2022\/12\/belgia.png\" \/>\n<meta name=\"twitter:card\" content=\"summary_large_image\" \/>\n<meta name=\"twitter:label1\" content=\"Szacowany czas czytania\" \/>\n\t<meta name=\"twitter:data1\" content=\"9 minut\" \/>\n<script type=\"application\/ld+json\" class=\"yoast-schema-graph\">{\"@context\":\"https:\\\/\\\/schema.org\",\"@graph\":[{\"@type\":\"WebPage\",\"@id\":\"https:\\\/\\\/helloline.pl\\\/busy-poznan-padeborn\\\/\",\"url\":\"https:\\\/\\\/helloline.pl\\\/busy-poznan-padeborn\\\/\",\"name\":\"Busy Pozna\u0144 - Padeborn z adresu pod adres | Hello Line\",\"isPartOf\":{\"@id\":\"https:\\\/\\\/helloline.pl\\\/#website\"},\"primaryImageOfPage\":{\"@id\":\"https:\\\/\\\/helloline.pl\\\/busy-poznan-padeborn\\\/#primaryimage\"},\"image\":{\"@id\":\"https:\\\/\\\/helloline.pl\\\/busy-poznan-padeborn\\\/#primaryimage\"},\"thumbnailUrl\":\"https:\\\/\\\/helloline.pl\\\/wp-content\\\/uploads\\\/2022\\\/12\\\/belgia.png\",\"datePublished\":\"2023-06-23T06:57:23+00:00\",\"dateModified\":\"2024-05-06T18:40:22+00:00\",\"description\":\"Interesuje Ci\u0119 rezerwacja busa na trasie Pozna\u0144 - Padeborn, oferujemy busy z dowozem z adresu na adres. Sprawd\u017a ofert\u0119 Hello Line z nowoczesn\u0105 flot\u0105!\",\"breadcrumb\":{\"@id\":\"https:\\\/\\\/helloline.pl\\\/busy-poznan-padeborn\\\/#breadcrumb\"},\"inLanguage\":\"pl-PL\",\"potentialAction\":[{\"@type\":\"ReadAction\",\"target\":[\"https:\\\/\\\/helloline.pl\\\/busy-poznan-padeborn\\\/\"]}]},{\"@type\":\"ImageObject\",\"inLanguage\":\"pl-PL\",\"@id\":\"https:\\\/\\\/helloline.pl\\\/busy-poznan-padeborn\\\/#primaryimage\",\"url\":\"https:\\\/\\\/helloline.pl\\\/wp-content\\\/uploads\\\/2022\\\/12\\\/belgia.png\",\"contentUrl\":\"https:\\\/\\\/helloline.pl\\\/wp-content\\\/uploads\\\/2022\\\/12\\\/belgia.png\"},{\"@type\":\"BreadcrumbList\",\"@id\":\"https:\\\/\\\/helloline.pl\\\/busy-poznan-padeborn\\\/#breadcrumb\",\"itemListElement\":[{\"@type\":\"ListItem\",\"position\":1,\"name\":\"Strona g\u0142\u00f3wna\",\"item\":\"https:\\\/\\\/helloline.pl\\\/\"},{\"@type\":\"ListItem\",\"position\":2,\"name\":\"Busy Pozna\u0144 &#8211; Padeborn\"}]},{\"@type\":\"WebSite\",\"@id\":\"https:\\\/\\\/helloline.pl\\\/#website\",\"url\":\"https:\\\/\\\/helloline.pl\\\/\",\"name\":\"Busy do Belgii, Holandii i Niemiec z Polski\",\"description\":\"\",\"potentialAction\":[{\"@type\":\"SearchAction\",\"target\":{\"@type\":\"EntryPoint\",\"urlTemplate\":\"https:\\\/\\\/helloline.pl\\\/?s={search_term_string}\"},\"query-input\":{\"@type\":\"PropertyValueSpecification\",\"valueRequired\":true,\"valueName\":\"search_term_string\"}}],\"inLanguage\":\"pl-PL\"}]}<\/script>\n<!-- \/ Yoast SEO plugin. -->","yoast_head_json":{"title":"Busy Pozna\u0144 - Padeborn z adresu pod adres | Hello Line","description":"Interesuje Ci\u0119 rezerwacja busa na trasie Pozna\u0144 - Padeborn, oferujemy busy z dowozem z adresu na adres. Sprawd\u017a ofert\u0119 Hello Line z nowoczesn\u0105 flot\u0105!","robots":{"index":"index","follow":"follow","max-snippet":"max-snippet:-1","max-image-preview":"max-image-preview:large","max-video-preview":"max-video-preview:-1"},"canonical":"https:\/\/helloline.pl\/busy-poznan-padeborn\/","og_locale":"pl_PL","og_type":"article","og_title":"Busy Pozna\u0144 - Padeborn z adresu pod adres | Hello Line","og_description":"Interesuje Ci\u0119 rezerwacja busa na trasie Pozna\u0144 - Padeborn, oferujemy busy z dowozem z adresu na adres. Sprawd\u017a ofert\u0119 Hello Line z nowoczesn\u0105 flot\u0105!","og_site_name":"Busy do Belgii, Holandii i Niemiec z Polski","article_modified_time":"2024-05-06T18:40:22+00:00","og_image":[{"url":"https:\/\/helloline.pl\/wp-content\/uploads\/2022\/12\/belgia.png","type":"","width":"","height":""}],"twitter_card":"summary_large_image","twitter_misc":{"Szacowany czas czytania":"9 minut"},"schema":{"@context":"https:\/\/schema.org","@graph":[{"@type":"WebPage","@id":"https:\/\/helloline.pl\/busy-poznan-padeborn\/","url":"https:\/\/helloline.pl\/busy-poznan-padeborn\/","name":"Busy Pozna\u0144 - Padeborn z adresu pod adres | Hello Line","isPartOf":{"@id":"https:\/\/helloline.pl\/#website"},"primaryImageOfPage":{"@id":"https:\/\/helloline.pl\/busy-poznan-padeborn\/#primaryimage"},"image":{"@id":"https:\/\/helloline.pl\/busy-poznan-padeborn\/#primaryimage"},"thumbnailUrl":"https:\/\/helloline.pl\/wp-content\/uploads\/2022\/12\/belgia.png","datePublished":"2023-06-23T06:57:23+00:00","dateModified":"2024-05-06T18:40:22+00:00","description":"Interesuje Ci\u0119 rezerwacja busa na trasie Pozna\u0144 - Padeborn, oferujemy busy z dowozem z adresu na adres. Sprawd\u017a ofert\u0119 Hello Line z nowoczesn\u0105 flot\u0105!","breadcrumb":{"@id":"https:\/\/helloline.pl\/busy-poznan-padeborn\/#breadcrumb"},"inLanguage":"pl-PL","potentialAction":[{"@type":"ReadAction","target":["https:\/\/helloline.pl\/busy-poznan-padeborn\/"]}]},{"@type":"ImageObject","inLanguage":"pl-PL","@id":"https:\/\/helloline.pl\/busy-poznan-padeborn\/#primaryimage","url":"https:\/\/helloline.pl\/wp-content\/uploads\/2022\/12\/belgia.png","contentUrl":"https:\/\/helloline.pl\/wp-content\/uploads\/2022\/12\/belgia.png"},{"@type":"BreadcrumbList","@id":"https:\/\/helloline.pl\/busy-poznan-padeborn\/#breadcrumb","itemListElement":[{"@type":"ListItem","position":1,"name":"Strona g\u0142\u00f3wna","item":"https:\/\/helloline.pl\/"},{"@type":"ListItem","position":2,"name":"Busy Pozna\u0144 &#8211; Padeborn"}]},{"@type":"WebSite","@id":"https:\/\/helloline.pl\/#website","url":"https:\/\/helloline.pl\/","name":"Busy do Belgii, Holandii i Niemiec z Polski","description":"","potentialAction":[{"@type":"SearchAction","target":{"@type":"EntryPoint","urlTemplate":"https:\/\/helloline.pl\/?s={search_term_string}"},"query-input":{"@type":"PropertyValueSpecification","valueRequired":true,"valueName":"search_term_string"}}],"inLanguage":"pl-PL"}]}},"_links":{"self":[{"href":"https:\/\/helloline.pl\/wp-json\/wp\/v2\/pages\/3415","targetHints":{"allow":["GET"]}}],"collection":[{"href":"https:\/\/helloline.pl\/wp-json\/wp\/v2\/pages"}],"about":[{"href":"https:\/\/helloline.pl\/wp-json\/wp\/v2\/types\/page"}],"author":[{"embeddable":true,"href":"https:\/\/helloline.pl\/wp-json\/wp\/v2\/users\/1"}],"replies":[{"embeddable":true,"href":"https:\/\/helloline.pl\/wp-json\/wp\/v2\/comments?post=3415"}],"version-history":[{"count":1,"href":"https:\/\/helloline.pl\/wp-json\/wp\/v2\/pages\/3415\/revisions"}],"predecessor-version":[{"id":476206,"href":"https:\/\/helloline.pl\/wp-json\/wp\/v2\/pages\/3415\/revisions\/476206"}],"wp:attachment":[{"href":"https:\/\/helloline.pl\/wp-json\/wp\/v2\/media?parent=3415"}],"curies":[{"name":"wp","href":"https:\/\/api.w.org\/{rel}","templated":true}]}}