{"id":2016,"date":"2023-04-07T08:25:05","date_gmt":"2023-04-07T08:25:05","guid":{"rendered":"https:\/\/helloline.pl\/?page_id=2016"},"modified":"2024-05-16T16:16:51","modified_gmt":"2024-05-16T16:16:51","slug":"busy-holandia-swietokrzyskie","status":"publish","type":"page","link":"https:\/\/helloline.pl\/busy-holandia-swietokrzyskie\/","title":{"rendered":"Busy Holandia \u015awi\u0119tokrzyskie"},"content":{"rendered":"<p>\n\t\tHello line \u015bwiadczy us\u0142ugi transportu os\u00f3b i przesy\u0142ek na trasie Polska-Niemcy-Belgia-Holandia-Polska. Naszymi Klientami s\u0105 osoby wyje\u017cd\u017caj\u0105ce turystycznie, do pracy lub posiadaj\u0105ce swoje biznesy za granic\u0105.<\/p>\n<p>Hello line udost\u0119pnia swoim klientom tak\u017ce mo\u017cliwo\u015b\u0107 wypo\u017cyczenia busa do wyjazd\u00f3w na terenie ca\u0142ej Europy. Jeste\u015bmy dyspozycyjni i elastyczni pod k\u0105tem ustalenia godziny i miejsca wyjazdu.<br \/>Klikaj\u0105c przycisk &#8222;Rezerwuje przejazd&#8221; akceptujesz regulamin przewoz\u00f3w oraz wyra\u017casz zgod\u0119 na przetwarzanie danych osobowych.<br \/>Istnieje tak\u017ce mo\u017cliwo\u015b\u0107 rezerwacji telefonicznie pod numerem 534 001 001.<\/p>\n<p>\u00a0<\/p>\n<h2>Bus \u015awi\u0119tokrzyskie &#8211; Holandia<\/h2>\n<p>Holandia jest nie tylko pi\u0119knym krajem wartym odwiedzenia pod wzgl\u0119dem turystycznym, ale tak\u017ce miejscem, do kt\u00f3rego cz\u0119sto wiele os\u00f3b je\u017adzi w celach zarobkowych. <strong>Busy do Holandii ze \u015bwi\u0119tokrzyskiego<\/strong> to jedna z najlepszych opcji transportu w ten region Europy. Aby jednak dotrze\u0107 tam komfortowo, warto zwr\u00f3ci\u0107 uwag\u0119 na kilka aspekt\u00f3w i wybra\u0107 najlepszy \u015brodek transportu, jaki oferuje flota Hello line.<\/p>\n<h2>Komfortowe i niedrogie busy do Holandii \u2013 \u015bwi\u0119tokrzyskie<\/h2>\n<p>HelloLine stawia na nowoczesn\u0105 flot\u0119, wygodna podr\u00f3\u017c i liczne udogodnienia, dzi\u0119ki kt\u00f3rym <strong>busy \u015bwi\u0119tokrzyskie \u2013 Holandia<\/strong> ju\u017c nigdy nie b\u0119d\u0105 kojarzy\u0142y si\u0119 ze \u015bciskiem, niewygod\u0105 i d\u0142ug\u0105 jazd\u0105. Nowoczesna flota, jak\u0105 dysponujemy to nowoczesne auta wyposa\u017cone w klimatyzacj\u0119, ogrzewanie podczas postoju, DVD, Hi-fi, Wi-Fi, a tak\u017ce GPS, co umo\u017cliwia \u015bledzenie na bie\u017c\u0105co post\u0119p\u00f3w w podr\u00f3\u017cy. Wszystkie je\u017cd\u017c\u0105ce na trasie busy Holandia \u2013 \u015awi\u0119tokrzyskie wyposa\u017cone s\u0105 r\u00f3wnie\u017c w wygodne regulowane fotele, dzi\u0119ki czemu podr\u00f3\u017c jest wygodna i przebiega w odpowiednich warunkach.<\/p>\n<p>\u00a0<br \/>To jednak nie wszystkie zalety, jakie wyr\u00f3\u017cniaj\u0105 nasze busy do Holandii. \u015awi\u0119tokrzyskie to region, z kt\u00f3rego wiele os\u00f3b wyje\u017cd\u017ca za granic\u0119 na do\u015b\u0107 d\u0142ugo, dlatego zabiera ze sob\u0105 do\u015b\u0107 spory baga\u017c. Dlatego te\u017c nasza flota wyposa\u017cona zosta\u0142a w busy o znacznie wi\u0119kszej przestrzeni baga\u017cowej ni\u017c standardowa. Teraz mo\u017cesz zabra\u0107 znacznie wi\u0119cej rzeczy bez obaw, \u017ce si\u0119 one nie zmieszcz\u0105 lub potrzebna b\u0119dzie dodatkowa op\u0142ata.<\/p>\n<h2>Busy do Holandii ze \u015bwi\u0119tokrzyskiego pod wskazany adres \u2013 jed\u017a bezpo\u015brednio do celu!<\/h2>\n<p>Doskonale zdajemy sobie spraw\u0119 z tego, jak trudny bywa wyjazd za granic\u0119, szczeg\u00f3lnie dla os\u00f3b, kt\u00f3re jad\u0105 do Holandii po raz pierwszy. Cz\u0119sto <strong>busy do Holandii ze \u015bwi\u0119tokrzyskiego<\/strong> docieraj\u0105 jedynie do wi\u0119kszego miasta, a podr\u00f3\u017c musi odby\u0107 si\u0119 jeszcze kilkoma innymi \u015brodkami transportu, aby dotrze\u0107 do miejsca docelowego. W ramach naszych us\u0142ug oferujemy bardzo korzystne rozwi\u0105zanie tego problemu. Busy \u015bwi\u0119tokrzyskie \u2013 Holandia z Hello line mo\u017cna zarezerwowa\u0107 zar\u00f3wno z dojazdem pod wskazany adres w kraju docelowym, jak i z wyjazdem z okre\u015blonego celu. To ogromne u\u0142atwienie i komfort zar\u00f3wno dla grupy os\u00f3b jad\u0105cej do pracy czy wi\u0119kszej rodziny, jak i grupy przyjaci\u00f3\u0142 udaj\u0105cej si\u0119 na wakacje.<\/p>\n<p>\t\tZapraszamy do kontaktu i szczeg\u00f3\u0142owego zapoznania si\u0119 z nasz\u0105 ofert\u0105. Busy do Holandii ze \u015awi\u0119tokrzyskiego w ramach oferty Hello line to nowy wymiar bezpiecznej i komfortowej podr\u00f3\u017cy oraz gwarancja pe\u0142nego zadowolenia w bardzo przyst\u0119pnej cenie.\t\t<\/p>\n","protected":false},"excerpt":{"rendered":"<p>Hello line \u015bwiadczy us\u0142ugi transportu os\u00f3b i przesy\u0142ek na trasie Polska-Niemcy-Belgia-Holandia-Polska. Naszymi Klientami s\u0105 osoby wyje\u017cd\u017caj\u0105ce turystycznie, do pracy lub posiadaj\u0105ce swoje biznesy za granic\u0105. Hello line udost\u0119pnia swoim klientom tak\u017ce mo\u017cliwo\u015b\u0107 wypo\u017cyczenia busa do wyjazd\u00f3w na terenie ca\u0142ej Europy. Jeste\u015bmy dyspozycyjni i elastyczni pod k\u0105tem ustalenia godziny i miejsca wyjazdu.Klikaj\u0105c przycisk &#8222;Rezerwuje przejazd&#8221; akceptujesz [&hellip;]<\/p>\n","protected":false},"author":1,"featured_media":0,"parent":0,"menu_order":0,"comment_status":"closed","ping_status":"closed","template":"","meta":{"_acf_changed":false,"_et_pb_use_builder":"","_et_pb_old_content":"","_et_gb_content_width":"","footnotes":""},"class_list":["post-2016","page","type-page","status-publish","hentry"],"acf":[],"yoast_head":"<!-- This site is optimized with the Yoast SEO plugin v27.5 - https:\/\/yoast.com\/product\/yoast-seo-wordpress\/ -->\n<title>Busy do Holandii - \u015awi\u0119tokrzyskie | Przewozy Hello Line<\/title>\n<meta name=\"description\" content=\"Szybkie busy do Holandii z wojew\u00f3dztwa \u015bwi\u0119tokrzyskiego z adresu pod adres. Sprawd\u017a ofert\u0119 i zarezerwuj sw\u00f3j przejazd ju\u017c dzi\u015b na Helloline.pl\" \/>\n<meta name=\"robots\" content=\"index, follow, max-snippet:-1, max-image-preview:large, max-video-preview:-1\" \/>\n<link rel=\"canonical\" href=\"https:\/\/helloline.pl\/busy-holandia-swietokrzyskie\/\" \/>\n<meta property=\"og:locale\" content=\"pl_PL\" \/>\n<meta property=\"og:type\" content=\"article\" \/>\n<meta property=\"og:title\" content=\"Busy do Holandii - \u015awi\u0119tokrzyskie | Przewozy Hello Line\" \/>\n<meta property=\"og:description\" content=\"Szybkie busy do Holandii z wojew\u00f3dztwa \u015bwi\u0119tokrzyskiego z adresu pod adres. Sprawd\u017a ofert\u0119 i zarezerwuj sw\u00f3j przejazd ju\u017c dzi\u015b na Helloline.pl\" \/>\n<meta property=\"og:site_name\" content=\"Busy do Belgii, Holandii i Niemiec z Polski\" \/>\n<meta property=\"article:modified_time\" content=\"2024-05-16T16:16:51+00:00\" \/>\n<meta name=\"twitter:card\" content=\"summary_large_image\" \/>\n<meta name=\"twitter:label1\" content=\"Szacowany czas czytania\" \/>\n\t<meta name=\"twitter:data1\" content=\"3 minuty\" \/>\n<script type=\"application\/ld+json\" class=\"yoast-schema-graph\">{\"@context\":\"https:\\\/\\\/schema.org\",\"@graph\":[{\"@type\":\"WebPage\",\"@id\":\"https:\\\/\\\/helloline.pl\\\/busy-holandia-swietokrzyskie\\\/\",\"url\":\"https:\\\/\\\/helloline.pl\\\/busy-holandia-swietokrzyskie\\\/\",\"name\":\"Busy do Holandii - \u015awi\u0119tokrzyskie | Przewozy Hello Line\",\"isPartOf\":{\"@id\":\"https:\\\/\\\/helloline.pl\\\/#website\"},\"datePublished\":\"2023-04-07T08:25:05+00:00\",\"dateModified\":\"2024-05-16T16:16:51+00:00\",\"description\":\"Szybkie busy do Holandii z wojew\u00f3dztwa \u015bwi\u0119tokrzyskiego z adresu pod adres. Sprawd\u017a ofert\u0119 i zarezerwuj sw\u00f3j przejazd ju\u017c dzi\u015b na Helloline.pl\",\"breadcrumb\":{\"@id\":\"https:\\\/\\\/helloline.pl\\\/busy-holandia-swietokrzyskie\\\/#breadcrumb\"},\"inLanguage\":\"pl-PL\",\"potentialAction\":[{\"@type\":\"ReadAction\",\"target\":[\"https:\\\/\\\/helloline.pl\\\/busy-holandia-swietokrzyskie\\\/\"]}]},{\"@type\":\"BreadcrumbList\",\"@id\":\"https:\\\/\\\/helloline.pl\\\/busy-holandia-swietokrzyskie\\\/#breadcrumb\",\"itemListElement\":[{\"@type\":\"ListItem\",\"position\":1,\"name\":\"Strona g\u0142\u00f3wna\",\"item\":\"https:\\\/\\\/helloline.pl\\\/\"},{\"@type\":\"ListItem\",\"position\":2,\"name\":\"Busy Holandia \u015awi\u0119tokrzyskie\"}]},{\"@type\":\"WebSite\",\"@id\":\"https:\\\/\\\/helloline.pl\\\/#website\",\"url\":\"https:\\\/\\\/helloline.pl\\\/\",\"name\":\"Busy do Belgii, Holandii i Niemiec z Polski\",\"description\":\"\",\"potentialAction\":[{\"@type\":\"SearchAction\",\"target\":{\"@type\":\"EntryPoint\",\"urlTemplate\":\"https:\\\/\\\/helloline.pl\\\/?s={search_term_string}\"},\"query-input\":{\"@type\":\"PropertyValueSpecification\",\"valueRequired\":true,\"valueName\":\"search_term_string\"}}],\"inLanguage\":\"pl-PL\"}]}<\/script>\n<!-- \/ Yoast SEO plugin. -->","yoast_head_json":{"title":"Busy do Holandii - \u015awi\u0119tokrzyskie | Przewozy Hello Line","description":"Szybkie busy do Holandii z wojew\u00f3dztwa \u015bwi\u0119tokrzyskiego z adresu pod adres. Sprawd\u017a ofert\u0119 i zarezerwuj sw\u00f3j przejazd ju\u017c dzi\u015b na Helloline.pl","robots":{"index":"index","follow":"follow","max-snippet":"max-snippet:-1","max-image-preview":"max-image-preview:large","max-video-preview":"max-video-preview:-1"},"canonical":"https:\/\/helloline.pl\/busy-holandia-swietokrzyskie\/","og_locale":"pl_PL","og_type":"article","og_title":"Busy do Holandii - \u015awi\u0119tokrzyskie | Przewozy Hello Line","og_description":"Szybkie busy do Holandii z wojew\u00f3dztwa \u015bwi\u0119tokrzyskiego z adresu pod adres. Sprawd\u017a ofert\u0119 i zarezerwuj sw\u00f3j przejazd ju\u017c dzi\u015b na Helloline.pl","og_site_name":"Busy do Belgii, Holandii i Niemiec z Polski","article_modified_time":"2024-05-16T16:16:51+00:00","twitter_card":"summary_large_image","twitter_misc":{"Szacowany czas czytania":"3 minuty"},"schema":{"@context":"https:\/\/schema.org","@graph":[{"@type":"WebPage","@id":"https:\/\/helloline.pl\/busy-holandia-swietokrzyskie\/","url":"https:\/\/helloline.pl\/busy-holandia-swietokrzyskie\/","name":"Busy do Holandii - \u015awi\u0119tokrzyskie | Przewozy Hello Line","isPartOf":{"@id":"https:\/\/helloline.pl\/#website"},"datePublished":"2023-04-07T08:25:05+00:00","dateModified":"2024-05-16T16:16:51+00:00","description":"Szybkie busy do Holandii z wojew\u00f3dztwa \u015bwi\u0119tokrzyskiego z adresu pod adres. Sprawd\u017a ofert\u0119 i zarezerwuj sw\u00f3j przejazd ju\u017c dzi\u015b na Helloline.pl","breadcrumb":{"@id":"https:\/\/helloline.pl\/busy-holandia-swietokrzyskie\/#breadcrumb"},"inLanguage":"pl-PL","potentialAction":[{"@type":"ReadAction","target":["https:\/\/helloline.pl\/busy-holandia-swietokrzyskie\/"]}]},{"@type":"BreadcrumbList","@id":"https:\/\/helloline.pl\/busy-holandia-swietokrzyskie\/#breadcrumb","itemListElement":[{"@type":"ListItem","position":1,"name":"Strona g\u0142\u00f3wna","item":"https:\/\/helloline.pl\/"},{"@type":"ListItem","position":2,"name":"Busy Holandia \u015awi\u0119tokrzyskie"}]},{"@type":"WebSite","@id":"https:\/\/helloline.pl\/#website","url":"https:\/\/helloline.pl\/","name":"Busy do Belgii, Holandii i Niemiec z Polski","description":"","potentialAction":[{"@type":"SearchAction","target":{"@type":"EntryPoint","urlTemplate":"https:\/\/helloline.pl\/?s={search_term_string}"},"query-input":{"@type":"PropertyValueSpecification","valueRequired":true,"valueName":"search_term_string"}}],"inLanguage":"pl-PL"}]}},"_links":{"self":[{"href":"https:\/\/helloline.pl\/wp-json\/wp\/v2\/pages\/2016","targetHints":{"allow":["GET"]}}],"collection":[{"href":"https:\/\/helloline.pl\/wp-json\/wp\/v2\/pages"}],"about":[{"href":"https:\/\/helloline.pl\/wp-json\/wp\/v2\/types\/page"}],"author":[{"embeddable":true,"href":"https:\/\/helloline.pl\/wp-json\/wp\/v2\/users\/1"}],"replies":[{"embeddable":true,"href":"https:\/\/helloline.pl\/wp-json\/wp\/v2\/comments?post=2016"}],"version-history":[{"count":6,"href":"https:\/\/helloline.pl\/wp-json\/wp\/v2\/pages\/2016\/revisions"}],"predecessor-version":[{"id":476359,"href":"https:\/\/helloline.pl\/wp-json\/wp\/v2\/pages\/2016\/revisions\/476359"}],"wp:attachment":[{"href":"https:\/\/helloline.pl\/wp-json\/wp\/v2\/media?parent=2016"}],"curies":[{"name":"wp","href":"https:\/\/api.w.org\/{rel}","templated":true}]}}