{"id":2727,"date":"2023-06-06T07:44:04","date_gmt":"2023-06-06T07:44:04","guid":{"rendered":"https:\/\/helloline.pl\/?page_id=2727"},"modified":"2024-05-06T18:39:48","modified_gmt":"2024-05-06T18:39:48","slug":"busy-bielefeld-rzeszow-przemysl","status":"publish","type":"page","link":"https:\/\/helloline.pl\/busy-bielefeld-rzeszow-przemysl\/","title":{"rendered":"Busy Bielefeld Rzesz\u00f3w, Przemy\u015bl"},"content":{"rendered":"<p><img decoding=\"async\" width=\"1568\" height=\"245\" src=\"https:\/\/helloline.pl\/wp-content\/uploads\/2022\/12\/belgia.png\" alt=\"polska belgia busy\" loading=\"lazy\" srcset=\"https:\/\/helloline.pl\/wp-content\/uploads\/2022\/12\/belgia.png 1568w, https:\/\/helloline.pl\/wp-content\/uploads\/2022\/12\/belgia-300x47.png 300w, https:\/\/helloline.pl\/wp-content\/uploads\/2022\/12\/belgia-1024x160.png 1024w, https:\/\/helloline.pl\/wp-content\/uploads\/2022\/12\/belgia-768x120.png 768w, https:\/\/helloline.pl\/wp-content\/uploads\/2022\/12\/belgia-1536x240.png 1536w\" sizes=\"auto, (max-width: 1568px) 100vw, 1568px\" \/>\t\t\t\t\t\t\t\t\t\t\t\t\t\t\t<\/p>\n<p>Trasa<\/p>\n<h1>Busy Bielefeld Rzesz\u00f3w, Przemy\u015bl<\/h1>\n<p>Planujesz podr\u00f3\u017c zagraniczn\u0105 i szukasz najlepszej opcji transportu? Nie szukaj dalej! Nasza linia Hello Line oferuje przewozy z Polski do Niemiec, Belgii oraz Holandii. Kursujemy codziennie, zatem z \u0142atwo\u015bci\u0105 znajdziesz dogodny termin. Cz\u0119sto, podr\u00f3\u017ce zagraniczne wi\u0105\u017c\u0105 si\u0119 z konieczno\u015bci\u0105 odp\u0142atnych dojazd\u00f3w do wyspecyfikowanego miejsca, ale takie k\u0142opoty ominiesz korzystaj\u0105c z naszych us\u0142ug. Dzia\u0142amy w systemie door to door, co oznacza, \u017ce zacumujemy pod wskazanym przez Ciebie adresem. Ponadto ten system dzia\u0142a te\u017c, je\u015bli podr\u00f3\u017cujesz z powrotem do Polski.<\/p>\n<p>Zaplanuj swoj\u0105 podr\u00f3\u017c<\/p>\n<h2>Rezerwacja przejazdu online<\/h2>\n<h3>Wa\u017cne informacje<\/h3>\n<p>Klikaj\u0105c przycisk &#8222;Rezerwuje przejazd&#8221; akceptujesz regulamin przewoz\u00f3w oraz wyra\u017casz zgod\u0119 na przetwarzanie danych osobowych.<br \/>Istnieje tak\u017ce mo\u017cliwo\u015b\u0107 rezerwacji telefonicznie pod numerem 534 001 001.<\/p>\n<p>\u00a0<\/p>\n<p>\t\t\t<a href=\"#\" role=\"button\"><br \/>\n\t\t\t\t\t\tRegulamin<br \/>\n\t\t\t\t\t<\/a><br \/>\n\t\t\t<a role=\"button\"><br \/>\n\t\t\t\t\t\tZadzwo\u0144 teraz!<br \/>\n\t\t\t\t\t<\/a><br \/>\n\t\t\t<iframe loading=\"lazy\" src=\"https:\/\/www.google.com\/maps\/d\/embed?mid=1oR8w4xkA9f_aXfP-uCRqHjksY7IMT7-8&#038;ehbc=2E312F\" width=\"640\" height=\"480\"><\/iframe>\t\t<\/p>\n<h3>Busy na trasie Bielefeld Rzesz\u00f3w, Przemy\u015bl<\/h3>\n<p>Co jeszcze wyr\u00f3\u017cnia Hello line? Organizujemy przejazdy busem za granic\u0119 os\u00f3b, ale tak\u017ce paczek i list\u00f3w. Oferujemy r\u00f3wnie\u017c przew\u00f3z opon, cz\u0119\u015bci samochodowych, rower\u00f3w, a nawet mniej typowych \u0142adunk\u00f3w po wcze\u015bniejszym uzgodnieniu z klientem. Nasze us\u0142ugi spedycyjne \u015bwiadczymy wyr\u00f3\u017cniaj\u0105cym nas na rynku poziomie, co doceniaj\u0105 zar\u00f3wno klienci indywidualni, jak i du\u017ce firmy.<\/p>\n<h3>Busy na trasie Bielefeld Rzesz\u00f3w, Przemy\u015bl<\/h3>\n<p>Wysy\u0142aj\u0105c nasze busy za granic\u0119, dbamy o ich stan techniczny oraz odpowiednie wyposa\u017cenie. Wszystkie auta z floty Hello line posiadaj\u0105 wbudowany modu\u0142 GPS, dzi\u0119ki czemu mo\u017cemy na bie\u017c\u0105co \u015bledzi\u0107 ich lokalizacj\u0119. Co wa\u017cne, ka\u017cdy pasa\u017cer jest na czas przejazdu, zar\u00f3wno w kraju, jak i za granic\u0105, obj\u0119ty ubezpieczeniem, co r\u00f3wnie\u017c stanowi gwarancj\u0119 bezpiecze\u0144stwa. Klient jest dla nas najwa\u017cniejszy, o czym przekonasz si\u0119, decyduj\u0105c si\u0119 na korzystanie z naszych us\u0142ug!<\/p>\n<h2>Opinie naszych klient\u00f3w<\/h2>\n<p>\t\t\t\t\t\t\t<img decoding=\"async\" src=\"https:\/\/helloline.pl\/wp-content\/uploads\/2022\/01\/122625806_alice-byrne1.jpg\" alt=\"Malwina\"><br \/>\n\t\t\t\t\t\t\t\t\t\t<cite>Malwina<i>&#xE934;<\/i><i>&#xE934;<\/i><i>&#xE934;<\/i><i>&#xE934;<\/i><i>&#xE934;<\/i><\/cite>\t\t\t\t\tRead More<br \/>\n\t\t\t\t\t\tNie ma problemu z kontaktem, <\/br>na messengerze <\/br> odpisuj\u0105 raz dwa,  <\/br>polecam  <\/br>????<br \/>\n\t\t\t\t\t\t\t<img decoding=\"async\" src=\"https:\/\/helloline.pl\/wp-content\/uploads\/2022\/01\/images.jpg\" alt=\"Weronika\"><br \/>\n\t\t\t\t\t\t\t\t\t\t<cite>Weronika<i>&#xE934;<\/i><i>&#xE934;<\/i><i>&#xE934;<\/i><i>&#xE934;<\/i><i>&#xE934;<\/i><\/cite>\t\t\t\t\tRead More<br \/>\n\t\t\t\t\t\tPolecam z ca\u0142ego serca! Podr\u00f3\u017c trwa\u0142a zaledwie 15 godzin, jeszcze nigdy tak szybko i bezpiecznie nie dojecha\u0142am do Niemiec ???? polecam! \u2665\ufe0f<br \/>\n\t\t\t\t\t\t\t<img decoding=\"async\" src=\"https:\/\/helloline.pl\/wp-content\/uploads\/2022\/01\/istockphoto-1179023322-612x612-1.jpg\" alt=\"Bo\u017cena\"><br \/>\n\t\t\t\t\t\t\t\t\t\t<cite>Bo\u017cena<i>&#xE934;<\/i><i>&#xE934;<\/i><i>&#xE934;<\/i><i>&#xE934;<\/i><i>&#xE934;<\/i><\/cite>\t\t\t\t\tRead More<br \/>\n\t\t\t\t\t\tDzi\u0119ki za przejazd ???? bezpiecze\u0144stwo + wygoda = zadowolony klient ???????? polecam ????????????<br \/>\n\t\t\t\t\t\t\t<img decoding=\"async\" src=\"https:\/\/helloline.pl\/wp-content\/uploads\/2022\/01\/ec011710b872424aae9ff149668cdd58.jpg\" alt=\"Ilona\"><br \/>\n\t\t\t\t\t\t\t\t\t\t<cite>Ilona<i>&#xE934;<\/i><i>&#xE934;<\/i><i>&#xE934;<\/i><i>&#xE934;<\/i><i>&#xE934;<\/i><\/cite>\t\t\t\t\tRead More<br \/>\n\t\t\t\t\t\tW niedziel\u0119 z wami jad\u0119 <\/br> i to nie pierwszy raz <\/br>dla zainteresowanych <\/br>polecam  <\/br>????????????????<br \/>\n\t\t\t\t\t\t\t<img decoding=\"async\" src=\"https:\/\/helloline.pl\/wp-content\/uploads\/2022\/01\/icon-256x256-1.png\" alt=\"Agnieszka\"><br \/>\n\t\t\t\t\t\t\t\t\t\t<cite>Agnieszka<\/cite>\t\t\t\t\tRead More<br \/>\n\t\t\t\t\t\t\u015awietna firma jak najbardziej polecam \u270c\ufe0f\u200b<br \/>\n\t\t\t\t\t\t\t<img decoding=\"async\" src=\"https:\/\/helloline.pl\/wp-content\/uploads\/2022\/01\/woman-3666659_1280.jpg\" alt=\"Justyna\"><br \/>\n\t\t\t\t\t\t\t\t\t\t<cite>Justyna<\/cite>\t\t\t\t\tRead More<br \/>\n\t\t\t\t\t\tFirma godna polecenia, b\u0119d\u0119 korzysta\u0107 z us\u0142ug\u200b<br \/>\n\t\t\t\t\t\t\t<img decoding=\"async\" src=\"https:\/\/helloline.pl\/wp-content\/uploads\/2022\/01\/0158630dad9aaf24aedb6b4068039c2b.jpg\" alt=\"Marzena\"><br \/>\n\t\t\t\t\t\t\t\t\t\t<cite>Marzena<\/cite>\t\t\t\t\tRead More<br \/>\n\t\t\t\t\t\tSuper firma  polecam<br \/>\n\t\t\t\t\t\t\t<img decoding=\"async\" src=\"https:\/\/helloline.pl\/wp-content\/uploads\/2022\/01\/woman-3666659_1280.jpg\" alt=\"Justyna\"><br \/>\n\t\t\t\t\t\t\t\t\t\t<cite>Justyna<\/cite>\t\t\t\t\tRead More<br \/>\n\t\t\t\t\t\tPolecam firm\u0119, \u015bwietny kontakt, kierowcy super ????\u200b<br \/>\n\t\t\t\t\t\t\t<img decoding=\"async\" src=\"https:\/\/helloline.pl\/wp-content\/uploads\/2022\/01\/images-1.jpg\" alt=\"Margarita\"><br \/>\n\t\t\t\t\t\t\t\t\t\t<cite>Margarita<\/cite>\t\t\t\t\tRead More<br \/>\n\t\t\t\t\t\tPolecam firm\u0119, \u015bwietny kontakt, kierowcy super ????\u200b<br \/>\n\t\t\t\t\t\t\t<img decoding=\"async\" src=\"https:\/\/helloline.pl\/wp-content\/uploads\/2022\/01\/pobrany-plik-1.jpg\" alt=\"Bo\u017cena\"><br \/>\n\t\t\t\t\t\t\t\t\t\t<cite>Bo\u017cena<\/cite>\t\t\t\t\tRead More<br \/>\n\t\t\t\t\t\tSuper firma.<br \/>\nPozdrawiam. ????????<br \/>\n\t\t\t\t\t\t\t<img decoding=\"async\" src=\"https:\/\/helloline.pl\/wp-content\/plugins\/elementor\/assets\/images\/placeholder.png\" alt=\"Dariusz\"><br \/>\n\t\t\t\t\t\t\t\t\t\t<cite>Dariusz<i>&#xE934;<\/i><i>&#xE934;<\/i><i>&#xE934;<\/i><i>&#xE934;<\/i><i>&#xE934;<\/i><\/cite>\t\t\t\t\tRead More<br \/>\n\t\t\t\t\t\tSuper przewo\u017anik!!! <\/br>Polecam!!!<br \/>\n\t\t\t\t\t\t\t<img decoding=\"async\" src=\"https:\/\/helloline.pl\/wp-content\/uploads\/2022\/01\/images-3.jpg\" alt=\"Renata\"><br \/>\n\t\t\t\t\t\t\t\t\t\t<cite>Renata<i>&#xE934;<\/i><i>&#xE934;<\/i><i>&#xE934;<\/i><i>&#xE934;<\/i><i>&#xE934;<\/i><\/cite>\t\t\t\t\tRead More<br \/>\n\t\t\t\t\t\tJestem bardzo zadowolona z tej firmy\u200b<br \/>\n\t\t\t\t\t\t\t<img decoding=\"async\" src=\"https:\/\/helloline.pl\/wp-content\/plugins\/elementor\/assets\/images\/placeholder.png\" alt=\"Dorota\"><br \/>\n\t\t\t\t\t\t\t\t\t\t<cite>Dorota<i>&#xE934;<\/i><i>&#xE934;<\/i><i>&#xE934;<\/i><i>&#xE934;<\/i><i>&#xE934;<\/i><\/cite>\t\t\t\t\tRead More<br \/>\n\t\t\t\t\t\tSuper <br \/> firma<br \/>\n\t\t\t\t\t\t\t<img decoding=\"async\" src=\"https:\/\/helloline.pl\/wp-content\/uploads\/2022\/01\/images-2.jpg\" alt=\"Katarzyna\"><br \/>\n\t\t\t\t\t\t\t\t\t\t<cite>Katarzyna<i>&#xE934;<\/i><i>&#xE934;<\/i><i>&#xE934;<\/i><i>&#xE934;<\/i><i>&#xE934;<\/i><\/cite>\t\t\t\t\tRead More<br \/>\n\t\t\t\t\t\tSuper firma <\/br>Polecam<br \/>\n\t\t\t\t\t\t\t\t\t\t<cite>Halina<i>&#xE934;<\/i><i>&#xE934;<\/i><i>&#xE934;<\/i><i>&#xE934;<\/i><i>&#xE934;<\/i><\/cite>\t\t\t\t\tRead More<br \/>\n\t\t\t\t\t\tSuper firma<br \/>\ngor\u0105co polecam<br \/>\n\t\t\t\t\t\t\t\t\t\t\t\t\t\tPrevious<br \/>\n\t\t\t\t\t\t\t\t\t\t\t\t\t\tNext<\/p>\n","protected":false},"excerpt":{"rendered":"<p>Trasa Busy Bielefeld Rzesz\u00f3w, Przemy\u015bl Planujesz podr\u00f3\u017c zagraniczn\u0105 i szukasz najlepszej opcji transportu? Nie szukaj dalej! Nasza linia Hello Line oferuje przewozy z Polski do Niemiec, Belgii oraz Holandii. Kursujemy codziennie, zatem z \u0142atwo\u015bci\u0105 znajdziesz dogodny termin. Cz\u0119sto, podr\u00f3\u017ce zagraniczne wi\u0105\u017c\u0105 si\u0119 z konieczno\u015bci\u0105 odp\u0142atnych dojazd\u00f3w do wyspecyfikowanego miejsca, ale takie k\u0142opoty ominiesz korzystaj\u0105c z [&hellip;]<\/p>\n","protected":false},"author":1,"featured_media":0,"parent":0,"menu_order":0,"comment_status":"closed","ping_status":"closed","template":"","meta":{"_acf_changed":false,"_et_pb_use_builder":"","_et_pb_old_content":"","_et_gb_content_width":"","footnotes":""},"class_list":["post-2727","page","type-page","status-publish","hentry"],"acf":[],"yoast_head":"<!-- This site is optimized with the Yoast SEO plugin v27.5 - https:\/\/yoast.com\/product\/yoast-seo-wordpress\/ -->\n<title>Busy Bielefeld Rzesz\u00f3w, Przemy\u015bl z adresu pod adres | Hello Line<\/title>\n<meta name=\"description\" content=\"Interesuje Ci\u0119 rezerwacja busa na trasie Bielefeld Rzesz\u00f3w, Przemy\u015bl , oferujemy busy z dowozem z adresu na adres. Sprawd\u017a ofert\u0119 Hello Line z nowoczesn\u0105 flot\u0105!\" \/>\n<meta name=\"robots\" content=\"index, follow, max-snippet:-1, max-image-preview:large, max-video-preview:-1\" \/>\n<link rel=\"canonical\" href=\"https:\/\/helloline.pl\/busy-bielefeld-rzeszow-przemysl\/\" \/>\n<meta property=\"og:locale\" content=\"pl_PL\" \/>\n<meta property=\"og:type\" content=\"article\" \/>\n<meta property=\"og:title\" content=\"Busy Bielefeld Rzesz\u00f3w, Przemy\u015bl z adresu pod adres | Hello Line\" \/>\n<meta property=\"og:description\" content=\"Interesuje Ci\u0119 rezerwacja busa na trasie Bielefeld Rzesz\u00f3w, Przemy\u015bl , oferujemy busy z dowozem z adresu na adres. Sprawd\u017a ofert\u0119 Hello Line z nowoczesn\u0105 flot\u0105!\" \/>\n<meta property=\"og:site_name\" content=\"Busy do Belgii, Holandii i Niemiec z Polski\" \/>\n<meta property=\"article:modified_time\" content=\"2024-05-06T18:39:48+00:00\" \/>\n<meta property=\"og:image\" content=\"https:\/\/helloline.pl\/wp-content\/uploads\/2022\/12\/belgia.png\" \/>\n<meta name=\"twitter:card\" content=\"summary_large_image\" \/>\n<meta name=\"twitter:label1\" content=\"Szacowany czas czytania\" \/>\n\t<meta name=\"twitter:data1\" content=\"9 minut\" \/>\n<script type=\"application\/ld+json\" class=\"yoast-schema-graph\">{\"@context\":\"https:\\\/\\\/schema.org\",\"@graph\":[{\"@type\":\"WebPage\",\"@id\":\"https:\\\/\\\/helloline.pl\\\/busy-bielefeld-rzeszow-przemysl\\\/\",\"url\":\"https:\\\/\\\/helloline.pl\\\/busy-bielefeld-rzeszow-przemysl\\\/\",\"name\":\"Busy Bielefeld Rzesz\u00f3w, Przemy\u015bl z adresu pod adres | Hello Line\",\"isPartOf\":{\"@id\":\"https:\\\/\\\/helloline.pl\\\/#website\"},\"primaryImageOfPage\":{\"@id\":\"https:\\\/\\\/helloline.pl\\\/busy-bielefeld-rzeszow-przemysl\\\/#primaryimage\"},\"image\":{\"@id\":\"https:\\\/\\\/helloline.pl\\\/busy-bielefeld-rzeszow-przemysl\\\/#primaryimage\"},\"thumbnailUrl\":\"https:\\\/\\\/helloline.pl\\\/wp-content\\\/uploads\\\/2022\\\/12\\\/belgia.png\",\"datePublished\":\"2023-06-06T07:44:04+00:00\",\"dateModified\":\"2024-05-06T18:39:48+00:00\",\"description\":\"Interesuje Ci\u0119 rezerwacja busa na trasie Bielefeld Rzesz\u00f3w, Przemy\u015bl , oferujemy busy z dowozem z adresu na adres. Sprawd\u017a ofert\u0119 Hello Line z nowoczesn\u0105 flot\u0105!\",\"breadcrumb\":{\"@id\":\"https:\\\/\\\/helloline.pl\\\/busy-bielefeld-rzeszow-przemysl\\\/#breadcrumb\"},\"inLanguage\":\"pl-PL\",\"potentialAction\":[{\"@type\":\"ReadAction\",\"target\":[\"https:\\\/\\\/helloline.pl\\\/busy-bielefeld-rzeszow-przemysl\\\/\"]}]},{\"@type\":\"ImageObject\",\"inLanguage\":\"pl-PL\",\"@id\":\"https:\\\/\\\/helloline.pl\\\/busy-bielefeld-rzeszow-przemysl\\\/#primaryimage\",\"url\":\"https:\\\/\\\/helloline.pl\\\/wp-content\\\/uploads\\\/2022\\\/12\\\/belgia.png\",\"contentUrl\":\"https:\\\/\\\/helloline.pl\\\/wp-content\\\/uploads\\\/2022\\\/12\\\/belgia.png\"},{\"@type\":\"BreadcrumbList\",\"@id\":\"https:\\\/\\\/helloline.pl\\\/busy-bielefeld-rzeszow-przemysl\\\/#breadcrumb\",\"itemListElement\":[{\"@type\":\"ListItem\",\"position\":1,\"name\":\"Strona g\u0142\u00f3wna\",\"item\":\"https:\\\/\\\/helloline.pl\\\/\"},{\"@type\":\"ListItem\",\"position\":2,\"name\":\"Busy Bielefeld Rzesz\u00f3w, Przemy\u015bl\"}]},{\"@type\":\"WebSite\",\"@id\":\"https:\\\/\\\/helloline.pl\\\/#website\",\"url\":\"https:\\\/\\\/helloline.pl\\\/\",\"name\":\"Busy do Belgii, Holandii i Niemiec z Polski\",\"description\":\"\",\"potentialAction\":[{\"@type\":\"SearchAction\",\"target\":{\"@type\":\"EntryPoint\",\"urlTemplate\":\"https:\\\/\\\/helloline.pl\\\/?s={search_term_string}\"},\"query-input\":{\"@type\":\"PropertyValueSpecification\",\"valueRequired\":true,\"valueName\":\"search_term_string\"}}],\"inLanguage\":\"pl-PL\"}]}<\/script>\n<!-- \/ Yoast SEO plugin. -->","yoast_head_json":{"title":"Busy Bielefeld Rzesz\u00f3w, Przemy\u015bl z adresu pod adres | Hello Line","description":"Interesuje Ci\u0119 rezerwacja busa na trasie Bielefeld Rzesz\u00f3w, Przemy\u015bl , oferujemy busy z dowozem z adresu na adres. Sprawd\u017a ofert\u0119 Hello Line z nowoczesn\u0105 flot\u0105!","robots":{"index":"index","follow":"follow","max-snippet":"max-snippet:-1","max-image-preview":"max-image-preview:large","max-video-preview":"max-video-preview:-1"},"canonical":"https:\/\/helloline.pl\/busy-bielefeld-rzeszow-przemysl\/","og_locale":"pl_PL","og_type":"article","og_title":"Busy Bielefeld Rzesz\u00f3w, Przemy\u015bl z adresu pod adres | Hello Line","og_description":"Interesuje Ci\u0119 rezerwacja busa na trasie Bielefeld Rzesz\u00f3w, Przemy\u015bl , oferujemy busy z dowozem z adresu na adres. Sprawd\u017a ofert\u0119 Hello Line z nowoczesn\u0105 flot\u0105!","og_site_name":"Busy do Belgii, Holandii i Niemiec z Polski","article_modified_time":"2024-05-06T18:39:48+00:00","og_image":[{"url":"https:\/\/helloline.pl\/wp-content\/uploads\/2022\/12\/belgia.png","type":"","width":"","height":""}],"twitter_card":"summary_large_image","twitter_misc":{"Szacowany czas czytania":"9 minut"},"schema":{"@context":"https:\/\/schema.org","@graph":[{"@type":"WebPage","@id":"https:\/\/helloline.pl\/busy-bielefeld-rzeszow-przemysl\/","url":"https:\/\/helloline.pl\/busy-bielefeld-rzeszow-przemysl\/","name":"Busy Bielefeld Rzesz\u00f3w, Przemy\u015bl z adresu pod adres | Hello Line","isPartOf":{"@id":"https:\/\/helloline.pl\/#website"},"primaryImageOfPage":{"@id":"https:\/\/helloline.pl\/busy-bielefeld-rzeszow-przemysl\/#primaryimage"},"image":{"@id":"https:\/\/helloline.pl\/busy-bielefeld-rzeszow-przemysl\/#primaryimage"},"thumbnailUrl":"https:\/\/helloline.pl\/wp-content\/uploads\/2022\/12\/belgia.png","datePublished":"2023-06-06T07:44:04+00:00","dateModified":"2024-05-06T18:39:48+00:00","description":"Interesuje Ci\u0119 rezerwacja busa na trasie Bielefeld Rzesz\u00f3w, Przemy\u015bl , oferujemy busy z dowozem z adresu na adres. Sprawd\u017a ofert\u0119 Hello Line z nowoczesn\u0105 flot\u0105!","breadcrumb":{"@id":"https:\/\/helloline.pl\/busy-bielefeld-rzeszow-przemysl\/#breadcrumb"},"inLanguage":"pl-PL","potentialAction":[{"@type":"ReadAction","target":["https:\/\/helloline.pl\/busy-bielefeld-rzeszow-przemysl\/"]}]},{"@type":"ImageObject","inLanguage":"pl-PL","@id":"https:\/\/helloline.pl\/busy-bielefeld-rzeszow-przemysl\/#primaryimage","url":"https:\/\/helloline.pl\/wp-content\/uploads\/2022\/12\/belgia.png","contentUrl":"https:\/\/helloline.pl\/wp-content\/uploads\/2022\/12\/belgia.png"},{"@type":"BreadcrumbList","@id":"https:\/\/helloline.pl\/busy-bielefeld-rzeszow-przemysl\/#breadcrumb","itemListElement":[{"@type":"ListItem","position":1,"name":"Strona g\u0142\u00f3wna","item":"https:\/\/helloline.pl\/"},{"@type":"ListItem","position":2,"name":"Busy Bielefeld Rzesz\u00f3w, Przemy\u015bl"}]},{"@type":"WebSite","@id":"https:\/\/helloline.pl\/#website","url":"https:\/\/helloline.pl\/","name":"Busy do Belgii, Holandii i Niemiec z Polski","description":"","potentialAction":[{"@type":"SearchAction","target":{"@type":"EntryPoint","urlTemplate":"https:\/\/helloline.pl\/?s={search_term_string}"},"query-input":{"@type":"PropertyValueSpecification","valueRequired":true,"valueName":"search_term_string"}}],"inLanguage":"pl-PL"}]}},"_links":{"self":[{"href":"https:\/\/helloline.pl\/wp-json\/wp\/v2\/pages\/2727","targetHints":{"allow":["GET"]}}],"collection":[{"href":"https:\/\/helloline.pl\/wp-json\/wp\/v2\/pages"}],"about":[{"href":"https:\/\/helloline.pl\/wp-json\/wp\/v2\/types\/page"}],"author":[{"embeddable":true,"href":"https:\/\/helloline.pl\/wp-json\/wp\/v2\/users\/1"}],"replies":[{"embeddable":true,"href":"https:\/\/helloline.pl\/wp-json\/wp\/v2\/comments?post=2727"}],"version-history":[{"count":1,"href":"https:\/\/helloline.pl\/wp-json\/wp\/v2\/pages\/2727\/revisions"}],"predecessor-version":[{"id":476125,"href":"https:\/\/helloline.pl\/wp-json\/wp\/v2\/pages\/2727\/revisions\/476125"}],"wp:attachment":[{"href":"https:\/\/helloline.pl\/wp-json\/wp\/v2\/media?parent=2727"}],"curies":[{"name":"wp","href":"https:\/\/api.w.org\/{rel}","templated":true}]}}