{"id":474137,"date":"2024-04-28T19:51:23","date_gmt":"2024-04-28T19:51:23","guid":{"rendered":"https:\/\/helloline.pl\/?page_id=474137"},"modified":"2025-06-25T08:16:23","modified_gmt":"2025-06-25T08:16:23","slug":"kontakt","status":"publish","type":"page","link":"https:\/\/helloline.pl\/kontakt\/","title":{"rendered":"Kontakt"},"content":{"rendered":"<p>[et_pb_section fb_built=&#8221;1&#8243; _builder_version=&#8221;4.24.3&#8243; _module_preset=&#8221;default&#8221; background_image=&#8221;https:\/\/helloline.pl\/wp-content\/uploads\/2024\/04\/przewoz-osob-hello-line-kierunki-2.jpg&#8221; global_colors_info=&#8221;{}&#8221;][et_pb_row _builder_version=&#8221;4.24.3&#8243; _module_preset=&#8221;default&#8221; custom_padding=&#8221;0px||0px||false|false&#8221; global_colors_info=&#8221;{}&#8221;][et_pb_column type=&#8221;4_4&#8243; _builder_version=&#8221;4.24.3&#8243; _module_preset=&#8221;default&#8221; global_colors_info=&#8221;{}&#8221;][et_pb_text _builder_version=&#8221;4.24.3&#8243; _module_preset=&#8221;default&#8221; header_font=&#8221;Poppins|700|||||||&#8221; header_text_align=&#8221;center&#8221; header_text_color=&#8221;#ffffff&#8221; header_font_size=&#8221;42px&#8221; custom_padding=&#8221;40px||40px||false|false&#8221; global_colors_info=&#8221;{}&#8221;]<\/p>\n<h1>Skontaktuj si\u0119 z nami<\/h1>\n<p>[\/et_pb_text][\/et_pb_column][\/et_pb_row][\/et_pb_section][et_pb_section fb_built=&#8221;1&#8243; specialty=&#8221;on&#8221; _builder_version=&#8221;4.24.3&#8243; _module_preset=&#8221;default&#8221; module_alignment=&#8221;center&#8221; inner_max_width=&#8221;1440px&#8221; custom_padding=&#8221;80px||80px||false|false&#8221; global_colors_info=&#8221;{}&#8221;][et_pb_column type=&#8221;1_2&#8243; specialty_columns=&#8221;2&#8243; _builder_version=&#8221;4.16&#8243; custom_padding=&#8221;|||&#8221; global_colors_info=&#8221;{}&#8221; custom_padding__hover=&#8221;|||&#8221;][et_pb_row_inner use_custom_gutter=&#8221;on&#8221; gutter_width=&#8221;2&#8243; make_equal=&#8221;on&#8221; _builder_version=&#8221;4.24.3&#8243; _module_preset=&#8221;default&#8221; width=&#8221;96%&#8221; width_tablet=&#8221;96%&#8221; width_phone=&#8221;96%&#8221; width_last_edited=&#8221;on|phone&#8221; max_width=&#8221;1420px&#8221; custom_margin=&#8221;||||false|false&#8221; custom_padding=&#8221;0px|30px|30px|30px|false|false&#8221; border_radii=&#8221;on|10px|10px|10px|10px&#8221; border_width_all=&#8221;2px&#8221; border_color_all=&#8221;#d8d8d8&#8243; border_style_all=&#8221;dashed&#8221; global_colors_info=&#8221;{}&#8221;][et_pb_column_inner saved_specialty_column_type=&#8221;1_2&#8243; _builder_version=&#8221;4.16&#8243; _module_preset=&#8221;default&#8221; global_colors_info=&#8221;{}&#8221;][et_pb_text _builder_version=&#8221;4.24.3&#8243; _module_preset=&#8221;default&#8221; text_font=&#8221;Poppins|300|||||||&#8221; text_text_color=&#8221;#000000&#8243; text_font_size=&#8221;15px&#8221; header_font=&#8221;Poppins|700|on||||||&#8221; header_3_font=&#8221;Poppins|700|||||||&#8221; header_3_text_color=&#8221;#000000&#8243; header_3_font_size=&#8221;26px&#8221; custom_margin=&#8221;40px||10px|10px|false|false&#8221; custom_margin_tablet=&#8221;40px||10px|10px|false|false&#8221; custom_margin_phone=&#8221;30px||10px|0px|false|false&#8221; custom_margin_last_edited=&#8221;on|phone&#8221; custom_padding=&#8221;||0px||false|false&#8221; custom_padding_tablet=&#8221;||10px||false|false&#8221; custom_padding_phone=&#8221;|0px|10px|0px|false|true&#8221; custom_padding_last_edited=&#8221;on|phone&#8221; border_color_right=&#8221;#dc064e&#8221; border_width_right_tablet=&#8221;1px&#8221; border_width_right_phone=&#8221;0px&#8221; border_width_right_last_edited=&#8221;on|phone&#8221; global_colors_info=&#8221;{}&#8221;]<\/p>\n<h2 style=\"margin-bottom: 20px;\">Zadzwo\u0144 do nas<\/h2>\n<p><a href=\"tel:+48534001001\"><button class=\"button-ergo\"><img decoding=\"async\" src=\"https:\/\/helloline.pl\/wp-content\/uploads\/2024\/04\/super-busy-do-anglii-telefon-kontaktowy-w-polsce.png\" style=\"margin-left: 5px; max-height: 14px;\" \/> <span style=\"font-size: 16px !important;\">+48<\/span> 534 001 001<\/button><\/a><\/p>\n<p style=\"margin-top: 20px; font-size: 20px;\"><strong>email:<\/strong> <i class=\"far fa-envelope\" style=\"margin: 0px 5px;\"><\/i> rezerwacja@helloline.pl<\/p>\n<p>[\/et_pb_text][et_pb_text _builder_version=&#8221;4.24.3&#8243; _module_preset=&#8221;default&#8221; text_font=&#8221;Poppins|300|||||||&#8221; text_text_color=&#8221;#000000&#8243; text_font_size=&#8221;16px&#8221; text_line_height=&#8221;1.5em&#8221; header_font=&#8221;Poppins|700|on||||||&#8221; header_3_font=&#8221;Poppins|600|||||||&#8221; header_3_text_color=&#8221;#000000&#8243; header_3_font_size=&#8221;25px&#8221; custom_margin=&#8221;40px||0px|10px|false|false&#8221; custom_margin_tablet=&#8221;40px||0px|10px|false|false&#8221; custom_margin_phone=&#8221;20px||0px|0px|false|false&#8221; custom_margin_last_edited=&#8221;on|phone&#8221; custom_padding=&#8221;|40px|0px||false|false&#8221; custom_padding_tablet=&#8221;|40px|0px||false|false&#8221; custom_padding_phone=&#8221;|0px|0px|0px|false|true&#8221; custom_padding_last_edited=&#8221;on|phone&#8221; border_color_right=&#8221;#dc064e&#8221; border_width_top_tablet=&#8221;&#8221; border_width_top_phone=&#8221;0px&#8221; border_width_top_last_edited=&#8221;on|phone&#8221; global_colors_info=&#8221;{}&#8221;]<\/p>\n<h3 style=\"margin-bottom: 10px;\">Biuro obs\u0142ugi klienta<\/h3>\n<p>Dost\u0119pne od <strong>8:00<\/strong> do <strong>22:00<\/strong>. Nie zd\u0105\u017cy\u0142e\u015b zadzwoni\u0107?<\/p>\n<p>Nie przejmuj si\u0119, skorzystaj z formularza kontaktowego, napisz wiadomo\u015b\u0107 bezpo\u015brednio na adres mailowy podany poni\u017cej lub zadzwo\u0144. Odpowiemy najszybciej jak to b\u0119dzie mo\u017cliwe.<\/p>\n<p>ul. Nowogrodzka 64\/43<br \/>02-014 Warszawa<\/p>\n<p><strong>Przewozy Hello line. sp. z o. o.<\/strong><br \/>NIP: 7011054090 REGON: 520131461<\/p>\n<p>[\/et_pb_text][\/et_pb_column_inner][\/et_pb_row_inner][\/et_pb_column][et_pb_column type=&#8221;1_2&#8243; _builder_version=&#8221;4.16&#8243; custom_padding=&#8221;|||&#8221; global_colors_info=&#8221;{}&#8221; custom_padding__hover=&#8221;|||&#8221;][et_pb_text _builder_version=&#8221;4.24.3&#8243; _module_preset=&#8221;default&#8221; header_font_size=&#8221;33px&#8221; header_3_font_size=&#8221;28px&#8221; custom_margin=&#8221;0px||||false|false&#8221; custom_margin_tablet=&#8221;0px||||false|false&#8221; custom_margin_phone=&#8221;20px||||false|false&#8221; custom_margin_last_edited=&#8221;on|phone&#8221; custom_padding=&#8221;0px||0px||false|false&#8221; global_colors_info=&#8221;{}&#8221;]<\/p>\n<h3 style=\"margin-bottom: 20px;\">Napisz do nas wiadomo\u015b\u0107<\/h3>\n<div id=\"quform-a547a0\" class=\"quform quform-2 quform-support-page-caching\"><form id=\"quform-form-a547a0\" class=\"quform-form quform-form-2\" action=\"\/wp-json\/wp\/v2\/pages\/474137#quform-a547a0\" method=\"post\" enctype=\"multipart\/form-data\" novalidate=\"novalidate\" data-options=\"{&quot;id&quot;:2,&quot;uniqueId&quot;:&quot;a547a0&quot;,&quot;theme&quot;:&quot;&quot;,&quot;ajax&quot;:true,&quot;logic&quot;:{&quot;logic&quot;:[],&quot;dependents&quot;:[],&quot;elementIds&quot;:[],&quot;dependentElementIds&quot;:[],&quot;animate&quot;:true},&quot;currentPageId&quot;:1,&quot;errorsIcon&quot;:&quot;&quot;,&quot;updateFancybox&quot;:true,&quot;hasPages&quot;:false,&quot;pages&quot;:[1],&quot;pageProgressType&quot;:&quot;numbers&quot;,&quot;tooltipsEnabled&quot;:true,&quot;tooltipClasses&quot;:&quot;qtip-quform-dark qtip-shadow&quot;,&quot;tooltipMy&quot;:&quot;left center&quot;,&quot;tooltipAt&quot;:&quot;right center&quot;,&quot;isRtl&quot;:false,&quot;scrollOffset&quot;:-50,&quot;scrollSpeed&quot;:800}\"><button class=\"quform-default-submit\" name=\"quform_submit\" type=\"submit\" value=\"submit\" aria-hidden=\"true\" tabindex=\"-1\"><\/button><div class=\"quform-form-inner quform-form-inner-2\"><input type=\"hidden\" name=\"quform_form_id\" value=\"2\" \/><input type=\"hidden\" name=\"quform_form_uid\" value=\"a547a0\" \/><input type=\"hidden\" name=\"quform_count\" value=\"1\" \/><input type=\"hidden\" name=\"form_url\" value=\"https:\/\/helloline.pl\/wp-json\/wp\/v2\/pages\/474137\" \/><input type=\"hidden\" name=\"referring_url\" value=\"https:\/\/helloline.pl\/en\/wp-json\/wp\/v2\/pages\/474137\" \/><input type=\"hidden\" name=\"post_id\" value=\"\" \/><input type=\"hidden\" name=\"post_title\" value=\"\" \/><input type=\"hidden\" name=\"quform_current_page_id\" value=\"1\" \/><input type=\"hidden\" name=\"quform_csrf_token\" value=\"luWLRDZckQDVAwERbKNBWv2N5kBAbTVCHQYMsePq\" \/><div class=\"quform-elements quform-elements-2 quform-cf quform-responsive-elements-phone-landscape\"><div class=\"quform-element quform-element-page quform-page-1 quform-page-2_1 quform-cf quform-group-style-plain quform-first-page quform-last-page quform-current-page\"><div class=\"quform-child-elements\"><div class=\"quform-element quform-element-text quform-element-2_102 quform-cf quform-labels-inside quform-element-optional\"><div class=\"quform-spacer\"><div class=\"quform-label quform-label-2_102\"><label class=\"quform-label-text\" for=\"quform_2_102_a547a0\">Imi\u0119 i Nazwisko<\/label><\/div><div class=\"quform-inner quform-inner-text quform-inner-2_102\"><div class=\"quform-input quform-input-text quform-input-2_102 quform-cf\"><input type=\"text\" id=\"quform_2_102_a547a0\" name=\"quform_2_102\" class=\"quform-field quform-field-text quform-field-2_102\" \/><\/div><\/div><\/div><\/div><div class=\"quform-element quform-element-row quform-element-row-2_94 quform-2-columns quform-element-row-size-fixed quform-responsive-columns-phone-landscape\"><div class=\"quform-element quform-element-column quform-element-2_95\"><div class=\"quform-element quform-element-text quform-element-2_100 quform-cf quform-labels-inside quform-element-required\"><div class=\"quform-spacer\"><div class=\"quform-label quform-label-2_100\"><label class=\"quform-label-text\" for=\"quform_2_100_a547a0\">Telefon<span class=\"quform-required\">*<\/span><\/label><\/div><div class=\"quform-inner quform-inner-text quform-inner-2_100\"><div class=\"quform-input quform-input-text quform-input-2_100 quform-cf\"><input type=\"text\" id=\"quform_2_100_a547a0\" name=\"quform_2_100\" class=\"quform-field quform-field-text quform-field-2_100\" \/><\/div><\/div><\/div><\/div><\/div><div class=\"quform-element quform-element-column quform-element-2_99\"><div class=\"quform-element quform-element-email quform-element-2_103 quform-cf quform-labels-inside quform-element-required\"><div class=\"quform-spacer\"><div class=\"quform-label quform-label-2_103\"><label class=\"quform-label-text\" for=\"quform_2_103_a547a0\">Adres email<span class=\"quform-required\">*<\/span><\/label><\/div><div class=\"quform-inner quform-inner-email quform-inner-2_103\"><div class=\"quform-input quform-input-email quform-input-2_103 quform-cf\"><input type=\"email\" id=\"quform_2_103_a547a0\" name=\"quform_2_103\" class=\"quform-field quform-field-email quform-field-2_103\" \/><\/div><\/div><\/div><\/div><\/div><\/div><div class=\"quform-element quform-element-textarea quform-element-2_104 quform-cf quform-labels-inside quform-element-optional\"><div class=\"quform-spacer\"><div class=\"quform-label quform-label-2_104\"><label class=\"quform-label-text\" for=\"quform_2_104_a547a0\">Tre\u015b\u0107 wiadomo\u015bci<\/label><\/div><div class=\"quform-inner quform-inner-textarea quform-inner-2_104\"><div class=\"quform-input quform-input-textarea quform-input-2_104 quform-cf\"><textarea id=\"quform_2_104_a547a0\" name=\"quform_2_104\" class=\"quform-field quform-field-textarea quform-field-2_104\"><\/textarea><\/div><\/div><\/div><\/div><div class=\"quform-element quform-element-html quform-element-2_101 quform-cf\"><div class=\"quform-spacer\"><p style=\"font-size: 12px;\">Klikaj\u0105c przycisk \"wy\u015blij wiadomo\u015b\u0107\" akceptujesz regulamin przewoz\u00f3w oraz wyra\u017casz zgod\u0119 na przetwarzanie danych osobowych.<\/p><\/div><\/div><div class=\"quform-element quform-element-submit quform-element-2_2 quform-cf quform-button-style-theme quform-button-width-full\"><div class=\"quform-button-submit quform-button-submit-default quform-button-submit-2_2 quform-button-icon-right\"><button name=\"quform_submit\" type=\"submit\" class=\"quform-submit\" value=\"submit\"><span class=\"quform-button-text quform-button-submit-text\">Zarezerwuj<\/span><span class=\"quform-button-icon quform-button-submit-icon\"><i class=\"qicon-arrow_forward\"><\/i><\/span><\/button><\/div><div class=\"quform-loading quform-loading-position-left quform-loading-type-spinner-1\"><div class=\"quform-loading-inner\"><div class=\"quform-loading-spinner\"><div class=\"quform-loading-spinner-inner\"><\/div><\/div><\/div><\/div><\/div><div class=\"quform-element-tree\"><label for=\"quform_2_0_a547a0\">This field should be left blank<\/label><input type=\"text\" id=\"quform_2_0_a547a0\" name=\"quform_2_0\" class=\"quform-field quform-field-tree quform-field-2_0\" tabindex=\"-1\" autocomplete=\"off\" \/><\/div><\/div><\/div><\/div><\/div><\/form><\/div>\n<p>[\/et_pb_text][\/et_pb_column][\/et_pb_section]<\/p>\n","protected":false},"excerpt":{"rendered":"<p>Skontaktuj si\u0119 z namiZadzwo\u0144 do nas +48 534 001 001 email: rezerwacja@helloline.plBiuro obs\u0142ugi klienta Dost\u0119pne od 8:00 do 22:00. Nie zd\u0105\u017cy\u0142e\u015b zadzwoni\u0107? Nie przejmuj si\u0119, skorzystaj z formularza kontaktowego, napisz wiadomo\u015b\u0107 bezpo\u015brednio na adres mailowy podany poni\u017cej lub zadzwo\u0144. Odpowiemy najszybciej jak to b\u0119dzie mo\u017cliwe. ul. Nowogrodzka 64\/4302-014 Warszawa Przewozy Hello line. sp. z o. [&hellip;]<\/p>\n","protected":false},"author":1,"featured_media":0,"parent":0,"menu_order":0,"comment_status":"closed","ping_status":"closed","template":"","meta":{"_acf_changed":false,"_et_pb_use_builder":"on","_et_pb_old_content":"","_et_gb_content_width":"","footnotes":""},"class_list":["post-474137","page","type-page","status-publish","hentry"],"acf":[],"yoast_head":"<!-- This site is optimized with the Yoast SEO plugin v27.5 - https:\/\/yoast.com\/product\/yoast-seo-wordpress\/ -->\n<title>Kontakt - Busy do Belgii, Holandii i Niemiec z Polski | Hello line<\/title>\n<meta name=\"description\" content=\"Skontaktuj si\u0119 z nami i zarezerwuj busy Polska Holandia, Belgia Niemcy | Hello line zadzwo\u0144 +48 534 001 001 | Transport door to door\" \/>\n<meta name=\"robots\" content=\"index, follow, max-snippet:-1, max-image-preview:large, max-video-preview:-1\" \/>\n<link rel=\"canonical\" href=\"https:\/\/helloline.pl\/kontakt\/\" \/>\n<meta property=\"og:locale\" content=\"pl_PL\" \/>\n<meta property=\"og:type\" content=\"article\" \/>\n<meta property=\"og:title\" content=\"Kontakt - Busy do Belgii, Holandii i Niemiec z Polski | Hello line\" \/>\n<meta property=\"og:description\" content=\"Skontaktuj si\u0119 z nami i zarezerwuj busy Polska Holandia, Belgia Niemcy | Hello line zadzwo\u0144 +48 534 001 001 | Transport door to door\" \/>\n<meta property=\"og:site_name\" content=\"Busy do Belgii, Holandii i Niemiec z Polski\" \/>\n<meta property=\"article:modified_time\" content=\"2025-06-25T08:16:23+00:00\" \/>\n<meta property=\"og:image\" content=\"https:\/\/helloline.pl\/wp-content\/uploads\/2024\/04\/super-busy-do-anglii-telefon-kontaktowy-w-polsce.png\" \/>\n<meta name=\"twitter:card\" content=\"summary_large_image\" \/>\n<meta name=\"twitter:label1\" content=\"Szacowany czas czytania\" \/>\n\t<meta name=\"twitter:data1\" content=\"1 minuta\" \/>\n<script type=\"application\/ld+json\" class=\"yoast-schema-graph\">{\"@context\":\"https:\\\/\\\/schema.org\",\"@graph\":[{\"@type\":\"WebPage\",\"@id\":\"https:\\\/\\\/helloline.pl\\\/kontakt\\\/\",\"url\":\"https:\\\/\\\/helloline.pl\\\/kontakt\\\/\",\"name\":\"Kontakt - Busy do Belgii, Holandii i Niemiec z Polski | Hello line\",\"isPartOf\":{\"@id\":\"https:\\\/\\\/helloline.pl\\\/#website\"},\"primaryImageOfPage\":{\"@id\":\"https:\\\/\\\/helloline.pl\\\/kontakt\\\/#primaryimage\"},\"image\":{\"@id\":\"https:\\\/\\\/helloline.pl\\\/kontakt\\\/#primaryimage\"},\"thumbnailUrl\":\"https:\\\/\\\/helloline.pl\\\/wp-content\\\/uploads\\\/2024\\\/04\\\/super-busy-do-anglii-telefon-kontaktowy-w-polsce.png\",\"datePublished\":\"2024-04-28T19:51:23+00:00\",\"dateModified\":\"2025-06-25T08:16:23+00:00\",\"description\":\"Skontaktuj si\u0119 z nami i zarezerwuj busy Polska Holandia, Belgia Niemcy | Hello line zadzwo\u0144 +48 534 001 001 | Transport door to door\",\"breadcrumb\":{\"@id\":\"https:\\\/\\\/helloline.pl\\\/kontakt\\\/#breadcrumb\"},\"inLanguage\":\"pl-PL\",\"potentialAction\":[{\"@type\":\"ReadAction\",\"target\":[\"https:\\\/\\\/helloline.pl\\\/kontakt\\\/\"]}]},{\"@type\":\"ImageObject\",\"inLanguage\":\"pl-PL\",\"@id\":\"https:\\\/\\\/helloline.pl\\\/kontakt\\\/#primaryimage\",\"url\":\"https:\\\/\\\/helloline.pl\\\/wp-content\\\/uploads\\\/2024\\\/04\\\/super-busy-do-anglii-telefon-kontaktowy-w-polsce.png\",\"contentUrl\":\"https:\\\/\\\/helloline.pl\\\/wp-content\\\/uploads\\\/2024\\\/04\\\/super-busy-do-anglii-telefon-kontaktowy-w-polsce.png\",\"width\":32,\"height\":32},{\"@type\":\"BreadcrumbList\",\"@id\":\"https:\\\/\\\/helloline.pl\\\/kontakt\\\/#breadcrumb\",\"itemListElement\":[{\"@type\":\"ListItem\",\"position\":1,\"name\":\"Strona g\u0142\u00f3wna\",\"item\":\"https:\\\/\\\/helloline.pl\\\/\"},{\"@type\":\"ListItem\",\"position\":2,\"name\":\"Kontakt\"}]},{\"@type\":\"WebSite\",\"@id\":\"https:\\\/\\\/helloline.pl\\\/#website\",\"url\":\"https:\\\/\\\/helloline.pl\\\/\",\"name\":\"Busy do Belgii, Holandii i Niemiec z Polski\",\"description\":\"\",\"potentialAction\":[{\"@type\":\"SearchAction\",\"target\":{\"@type\":\"EntryPoint\",\"urlTemplate\":\"https:\\\/\\\/helloline.pl\\\/?s={search_term_string}\"},\"query-input\":{\"@type\":\"PropertyValueSpecification\",\"valueRequired\":true,\"valueName\":\"search_term_string\"}}],\"inLanguage\":\"pl-PL\"}]}<\/script>\n<!-- \/ Yoast SEO plugin. -->","yoast_head_json":{"title":"Kontakt - Busy do Belgii, Holandii i Niemiec z Polski | Hello line","description":"Skontaktuj si\u0119 z nami i zarezerwuj busy Polska Holandia, Belgia Niemcy | Hello line zadzwo\u0144 +48 534 001 001 | Transport door to door","robots":{"index":"index","follow":"follow","max-snippet":"max-snippet:-1","max-image-preview":"max-image-preview:large","max-video-preview":"max-video-preview:-1"},"canonical":"https:\/\/helloline.pl\/kontakt\/","og_locale":"pl_PL","og_type":"article","og_title":"Kontakt - Busy do Belgii, Holandii i Niemiec z Polski | Hello line","og_description":"Skontaktuj si\u0119 z nami i zarezerwuj busy Polska Holandia, Belgia Niemcy | Hello line zadzwo\u0144 +48 534 001 001 | Transport door to door","og_site_name":"Busy do Belgii, Holandii i Niemiec z Polski","article_modified_time":"2025-06-25T08:16:23+00:00","og_image":[{"url":"https:\/\/helloline.pl\/wp-content\/uploads\/2024\/04\/super-busy-do-anglii-telefon-kontaktowy-w-polsce.png","type":"","width":"","height":""}],"twitter_card":"summary_large_image","twitter_misc":{"Szacowany czas czytania":"1 minuta"},"schema":{"@context":"https:\/\/schema.org","@graph":[{"@type":"WebPage","@id":"https:\/\/helloline.pl\/kontakt\/","url":"https:\/\/helloline.pl\/kontakt\/","name":"Kontakt - Busy do Belgii, Holandii i Niemiec z Polski | Hello line","isPartOf":{"@id":"https:\/\/helloline.pl\/#website"},"primaryImageOfPage":{"@id":"https:\/\/helloline.pl\/kontakt\/#primaryimage"},"image":{"@id":"https:\/\/helloline.pl\/kontakt\/#primaryimage"},"thumbnailUrl":"https:\/\/helloline.pl\/wp-content\/uploads\/2024\/04\/super-busy-do-anglii-telefon-kontaktowy-w-polsce.png","datePublished":"2024-04-28T19:51:23+00:00","dateModified":"2025-06-25T08:16:23+00:00","description":"Skontaktuj si\u0119 z nami i zarezerwuj busy Polska Holandia, Belgia Niemcy | Hello line zadzwo\u0144 +48 534 001 001 | Transport door to door","breadcrumb":{"@id":"https:\/\/helloline.pl\/kontakt\/#breadcrumb"},"inLanguage":"pl-PL","potentialAction":[{"@type":"ReadAction","target":["https:\/\/helloline.pl\/kontakt\/"]}]},{"@type":"ImageObject","inLanguage":"pl-PL","@id":"https:\/\/helloline.pl\/kontakt\/#primaryimage","url":"https:\/\/helloline.pl\/wp-content\/uploads\/2024\/04\/super-busy-do-anglii-telefon-kontaktowy-w-polsce.png","contentUrl":"https:\/\/helloline.pl\/wp-content\/uploads\/2024\/04\/super-busy-do-anglii-telefon-kontaktowy-w-polsce.png","width":32,"height":32},{"@type":"BreadcrumbList","@id":"https:\/\/helloline.pl\/kontakt\/#breadcrumb","itemListElement":[{"@type":"ListItem","position":1,"name":"Strona g\u0142\u00f3wna","item":"https:\/\/helloline.pl\/"},{"@type":"ListItem","position":2,"name":"Kontakt"}]},{"@type":"WebSite","@id":"https:\/\/helloline.pl\/#website","url":"https:\/\/helloline.pl\/","name":"Busy do Belgii, Holandii i Niemiec z Polski","description":"","potentialAction":[{"@type":"SearchAction","target":{"@type":"EntryPoint","urlTemplate":"https:\/\/helloline.pl\/?s={search_term_string}"},"query-input":{"@type":"PropertyValueSpecification","valueRequired":true,"valueName":"search_term_string"}}],"inLanguage":"pl-PL"}]}},"_links":{"self":[{"href":"https:\/\/helloline.pl\/wp-json\/wp\/v2\/pages\/474137","targetHints":{"allow":["GET"]}}],"collection":[{"href":"https:\/\/helloline.pl\/wp-json\/wp\/v2\/pages"}],"about":[{"href":"https:\/\/helloline.pl\/wp-json\/wp\/v2\/types\/page"}],"author":[{"embeddable":true,"href":"https:\/\/helloline.pl\/wp-json\/wp\/v2\/users\/1"}],"replies":[{"embeddable":true,"href":"https:\/\/helloline.pl\/wp-json\/wp\/v2\/comments?post=474137"}],"version-history":[{"count":9,"href":"https:\/\/helloline.pl\/wp-json\/wp\/v2\/pages\/474137\/revisions"}],"predecessor-version":[{"id":476495,"href":"https:\/\/helloline.pl\/wp-json\/wp\/v2\/pages\/474137\/revisions\/476495"}],"wp:attachment":[{"href":"https:\/\/helloline.pl\/wp-json\/wp\/v2\/media?parent=474137"}],"curies":[{"name":"wp","href":"https:\/\/api.w.org\/{rel}","templated":true}]}}