{"id":474322,"date":"2024-04-29T16:37:51","date_gmt":"2024-04-29T16:37:51","guid":{"rendered":"https:\/\/helloline.pl\/?page_id=474322"},"modified":"2024-05-16T16:13:58","modified_gmt":"2024-05-16T16:13:58","slug":"lubelskie","status":"publish","type":"page","link":"https:\/\/helloline.pl\/busy-polska-niemcy\/lubelskie\/","title":{"rendered":"Busy do Niemiec Lubelskie"},"content":{"rendered":"<h2>Przew\u00f3z os\u00f3b z wojew\u00f3dztwa lubelskiego do Niemiec z Hello line<\/h2>\n<p>Planujesz podr\u00f3\u017c do Niemiec z wojew\u00f3dztwa lubelskiego? Nasza firma oferuje wygodne busy, kt\u00f3re zapewni\u0105 Ci bezpieczn\u0105 i komfortow\u0105 podr\u00f3\u017c na zach\u00f3d.<\/p>\n<h2>Wygodne busy z wojew\u00f3dztwa lubelskiego<\/h2>\n<p>Nasi do\u015bwiadczeni kierowcy zapewniaj\u0105 profesjonalny <strong>przew\u00f3z os\u00f3b z wojew\u00f3dztwa lubelskiego<\/strong> do Niemiec. Ich wieloletnie do\u015bwiadczenie oraz znajomo\u015b\u0107 tras gwarantuj\u0105 bezpieczn\u0105 i sprawn\u0105 podr\u00f3\u017c.<\/p>\n<p>Ka\u017cda podr\u00f3\u017c jest starannie planowana, aby zapewni\u0107 naszym pasa\u017cerom komfort i bezpiecze\u0144stwo w ka\u017cdym kilometrze.<\/p>\n<h2>Przewozy do Niemiec Lubelskie<\/h2>\n<p>Zapewniamy bezp\u0142atny transport bezpo\u015brednio pod Tw\u00f3j adres w Niemczech. Przewozy do Niemiec z lubelskiego zatrzymuj\u0105 si\u0119 bezpo\u015brednio pod wskazanym miejscem, eliminuj\u0105c konieczno\u015b\u0107 dodatkowych przesiadek czy dojazdu na w\u0142asn\u0105 r\u0119k\u0119.<\/p>\n<p>Nie musisz martwi\u0107 si\u0119 o organizacj\u0119 transportu po przyje\u017adzie do Niemiec &#8211; z nami podr\u00f3\u017cujesz bezstresowo i wygodnie.<\/p>\n<h2>Zawieziemy Ci\u0119 do Niemiec samochodem marki Mercedes Sprinter<\/h2>\n<p>Nasze busy s\u0105 przestronne i wyposa\u017cone w komfortowe udogodnienia, takie jak wygodne siedzenia, klimatyzacja oraz system rozrywki. Dzi\u0119ki temu ka\u017cda podr\u00f3\u017c staje si\u0119 przyjemno\u015bci\u0105, a niekiedy nawet cz\u0119\u015bci\u0105 wypoczynku.<\/p>\n<p>Zadbali\u015bmy o ka\u017cdy szczeg\u00f3\u0142, aby zapewni\u0107 naszym pasa\u017cerom komfortow\u0105 podr\u00f3\u017c bez wzgl\u0119du na d\u0142ugo\u015b\u0107 trasy.<\/p>\n<h3>Je\u017adzimy 7 dni w tygodniu<\/h3>\n<p>Oferujemy elastyczne harmonogramy wyjazd\u00f3w oraz atrakcyjne ceny bilet\u00f3w. Bez wzgl\u0119du na Tw\u00f3j plan podr\u00f3\u017cy i bud\u017cet, znajdziesz u nas dogodne terminy i konkurencyjne ceny.<\/p>\n<p>Nasze priorytety to elastyczno\u015b\u0107 i dostosowanie si\u0119 do potrzeb naszych klient\u00f3w.<\/p>\n<h3>U nas mo\u017cesz liczy\u0107 na wygodn\u0105 rezerwacja online<\/h3>\n<p>Zapewniamy wygodn\u0105 rezerwacj\u0119 online oraz profesjonaln\u0105 obs\u0142ug\u0119 klienta. Nasz zesp\u00f3\u0142 s\u0142u\u017cy pomoc\u0105 na ka\u017cdym etapie podr\u00f3\u017cy, odpowiadaj\u0105c na wszelkie pytania i zapewniaj\u0105c wsparcie.<\/p>\n<p>Jeste\u015bmy tu, aby uczyni\u0107 Twoj\u0105 podr\u00f3\u017c jak najbardziej komfortow\u0105 i bezproblemow\u0105.<\/p>\n<p><img decoding=\"async\" src=\"https:\/\/helloline.pl\/wp-content\/uploads\/2024\/05\/Busy-do-Niemiec-Lubelskie.jpg\" alt=\"Busy do Niemiec Lubelskie\" \/><\/p>\n","protected":false},"excerpt":{"rendered":"<p>Przew\u00f3z os\u00f3b z wojew\u00f3dztwa lubelskiego do Niemiec z Hello line Planujesz podr\u00f3\u017c do Niemiec z wojew\u00f3dztwa lubelskiego? Nasza firma oferuje wygodne busy, kt\u00f3re zapewni\u0105 Ci bezpieczn\u0105 i komfortow\u0105 podr\u00f3\u017c na zach\u00f3d. Wygodne busy z wojew\u00f3dztwa lubelskiego Nasi do\u015bwiadczeni kierowcy zapewniaj\u0105 profesjonalny przew\u00f3z os\u00f3b z wojew\u00f3dztwa lubelskiego do Niemiec. Ich wieloletnie do\u015bwiadczenie oraz znajomo\u015b\u0107 tras gwarantuj\u0105 [&hellip;]<\/p>\n","protected":false},"author":1,"featured_media":474350,"parent":473991,"menu_order":0,"comment_status":"closed","ping_status":"closed","template":"","meta":{"_acf_changed":false,"_et_pb_use_builder":"","_et_pb_old_content":"","_et_gb_content_width":"","footnotes":""},"class_list":["post-474322","page","type-page","status-publish","has-post-thumbnail","hentry"],"acf":[],"yoast_head":"<!-- This site is optimized with the Yoast SEO plugin v27.3 - https:\/\/yoast.com\/product\/yoast-seo-wordpress\/ -->\n<title>Busy do Niemiec Lubelskie, bus do Niemiec Lubelskie, przewozy do Niemiec lubelskie<\/title>\n<meta name=\"robots\" content=\"index, follow, max-snippet:-1, max-image-preview:large, max-video-preview:-1\" \/>\n<link rel=\"canonical\" href=\"https:\/\/helloline.pl\/busy-polska-niemcy\/lubelskie\/\" \/>\n<meta property=\"og:locale\" content=\"pl_PL\" \/>\n<meta property=\"og:type\" content=\"article\" \/>\n<meta property=\"og:title\" content=\"Busy do Niemiec Lubelskie, bus do Niemiec Lubelskie, przewozy do Niemiec lubelskie\" \/>\n<meta property=\"og:description\" content=\"Przew\u00f3z os\u00f3b z wojew\u00f3dztwa lubelskiego do Niemiec z Hello line Planujesz podr\u00f3\u017c do Niemiec z wojew\u00f3dztwa lubelskiego? Nasza firma oferuje wygodne busy, kt\u00f3re zapewni\u0105 Ci bezpieczn\u0105 i komfortow\u0105 podr\u00f3\u017c na zach\u00f3d. Wygodne busy z wojew\u00f3dztwa lubelskiego Nasi do\u015bwiadczeni kierowcy zapewniaj\u0105 profesjonalny przew\u00f3z os\u00f3b z wojew\u00f3dztwa lubelskiego do Niemiec. Ich wieloletnie do\u015bwiadczenie oraz znajomo\u015b\u0107 tras gwarantuj\u0105 [&hellip;]\" \/>\n<meta property=\"og:site_name\" content=\"Busy do Belgii, Holandii i Niemiec z Polski\" \/>\n<meta property=\"article:modified_time\" content=\"2024-05-16T16:13:58+00:00\" \/>\n<meta property=\"og:image\" content=\"https:\/\/helloline.pl\/wp-content\/uploads\/2024\/05\/Busy-do-Niemiec-Lubelskie.jpg\" \/>\n\t<meta property=\"og:image:width\" content=\"1200\" \/>\n\t<meta property=\"og:image:height\" content=\"600\" \/>\n\t<meta property=\"og:image:type\" content=\"image\/jpeg\" \/>\n<meta name=\"twitter:card\" content=\"summary_large_image\" \/>\n<meta name=\"twitter:label1\" content=\"Szacowany czas czytania\" \/>\n\t<meta name=\"twitter:data1\" content=\"2 minuty\" \/>\n<script type=\"application\/ld+json\" class=\"yoast-schema-graph\">{\"@context\":\"https:\\\/\\\/schema.org\",\"@graph\":[{\"@type\":\"WebPage\",\"@id\":\"https:\\\/\\\/helloline.pl\\\/busy-polska-niemcy\\\/lubelskie\\\/\",\"url\":\"https:\\\/\\\/helloline.pl\\\/busy-polska-niemcy\\\/lubelskie\\\/\",\"name\":\"Busy do Niemiec Lubelskie, bus do Niemiec Lubelskie, przewozy do Niemiec lubelskie\",\"isPartOf\":{\"@id\":\"https:\\\/\\\/helloline.pl\\\/#website\"},\"primaryImageOfPage\":{\"@id\":\"https:\\\/\\\/helloline.pl\\\/busy-polska-niemcy\\\/lubelskie\\\/#primaryimage\"},\"image\":{\"@id\":\"https:\\\/\\\/helloline.pl\\\/busy-polska-niemcy\\\/lubelskie\\\/#primaryimage\"},\"thumbnailUrl\":\"https:\\\/\\\/helloline.pl\\\/wp-content\\\/uploads\\\/2024\\\/05\\\/Busy-do-Niemiec-Lubelskie.jpg\",\"datePublished\":\"2024-04-29T16:37:51+00:00\",\"dateModified\":\"2024-05-16T16:13:58+00:00\",\"breadcrumb\":{\"@id\":\"https:\\\/\\\/helloline.pl\\\/busy-polska-niemcy\\\/lubelskie\\\/#breadcrumb\"},\"inLanguage\":\"pl-PL\",\"potentialAction\":[{\"@type\":\"ReadAction\",\"target\":[\"https:\\\/\\\/helloline.pl\\\/busy-polska-niemcy\\\/lubelskie\\\/\"]}]},{\"@type\":\"ImageObject\",\"inLanguage\":\"pl-PL\",\"@id\":\"https:\\\/\\\/helloline.pl\\\/busy-polska-niemcy\\\/lubelskie\\\/#primaryimage\",\"url\":\"https:\\\/\\\/helloline.pl\\\/wp-content\\\/uploads\\\/2024\\\/05\\\/Busy-do-Niemiec-Lubelskie.jpg\",\"contentUrl\":\"https:\\\/\\\/helloline.pl\\\/wp-content\\\/uploads\\\/2024\\\/05\\\/Busy-do-Niemiec-Lubelskie.jpg\",\"width\":1200,\"height\":600},{\"@type\":\"BreadcrumbList\",\"@id\":\"https:\\\/\\\/helloline.pl\\\/busy-polska-niemcy\\\/lubelskie\\\/#breadcrumb\",\"itemListElement\":[{\"@type\":\"ListItem\",\"position\":1,\"name\":\"Strona g\u0142\u00f3wna\",\"item\":\"https:\\\/\\\/helloline.pl\\\/\"},{\"@type\":\"ListItem\",\"position\":2,\"name\":\"Busy Polska Niemcy\",\"item\":\"https:\\\/\\\/helloline.pl\\\/busy-polska-niemcy\\\/\"},{\"@type\":\"ListItem\",\"position\":3,\"name\":\"Busy do Niemiec Lubelskie\"}]},{\"@type\":\"WebSite\",\"@id\":\"https:\\\/\\\/helloline.pl\\\/#website\",\"url\":\"https:\\\/\\\/helloline.pl\\\/\",\"name\":\"Busy do Belgii, Holandii i Niemiec z Polski\",\"description\":\"\",\"potentialAction\":[{\"@type\":\"SearchAction\",\"target\":{\"@type\":\"EntryPoint\",\"urlTemplate\":\"https:\\\/\\\/helloline.pl\\\/?s={search_term_string}\"},\"query-input\":{\"@type\":\"PropertyValueSpecification\",\"valueRequired\":true,\"valueName\":\"search_term_string\"}}],\"inLanguage\":\"pl-PL\"}]}<\/script>\n<!-- \/ Yoast SEO plugin. -->","yoast_head_json":{"title":"Busy do Niemiec Lubelskie, bus do Niemiec Lubelskie, przewozy do Niemiec lubelskie","robots":{"index":"index","follow":"follow","max-snippet":"max-snippet:-1","max-image-preview":"max-image-preview:large","max-video-preview":"max-video-preview:-1"},"canonical":"https:\/\/helloline.pl\/busy-polska-niemcy\/lubelskie\/","og_locale":"pl_PL","og_type":"article","og_title":"Busy do Niemiec Lubelskie, bus do Niemiec Lubelskie, przewozy do Niemiec lubelskie","og_description":"Przew\u00f3z os\u00f3b z wojew\u00f3dztwa lubelskiego do Niemiec z Hello line Planujesz podr\u00f3\u017c do Niemiec z wojew\u00f3dztwa lubelskiego? Nasza firma oferuje wygodne busy, kt\u00f3re zapewni\u0105 Ci bezpieczn\u0105 i komfortow\u0105 podr\u00f3\u017c na zach\u00f3d. Wygodne busy z wojew\u00f3dztwa lubelskiego Nasi do\u015bwiadczeni kierowcy zapewniaj\u0105 profesjonalny przew\u00f3z os\u00f3b z wojew\u00f3dztwa lubelskiego do Niemiec. Ich wieloletnie do\u015bwiadczenie oraz znajomo\u015b\u0107 tras gwarantuj\u0105 [&hellip;]","og_site_name":"Busy do Belgii, Holandii i Niemiec z Polski","article_modified_time":"2024-05-16T16:13:58+00:00","og_image":[{"width":1200,"height":600,"url":"https:\/\/helloline.pl\/wp-content\/uploads\/2024\/05\/Busy-do-Niemiec-Lubelskie.jpg","type":"image\/jpeg"}],"twitter_card":"summary_large_image","twitter_misc":{"Szacowany czas czytania":"2 minuty"},"schema":{"@context":"https:\/\/schema.org","@graph":[{"@type":"WebPage","@id":"https:\/\/helloline.pl\/busy-polska-niemcy\/lubelskie\/","url":"https:\/\/helloline.pl\/busy-polska-niemcy\/lubelskie\/","name":"Busy do Niemiec Lubelskie, bus do Niemiec Lubelskie, przewozy do Niemiec lubelskie","isPartOf":{"@id":"https:\/\/helloline.pl\/#website"},"primaryImageOfPage":{"@id":"https:\/\/helloline.pl\/busy-polska-niemcy\/lubelskie\/#primaryimage"},"image":{"@id":"https:\/\/helloline.pl\/busy-polska-niemcy\/lubelskie\/#primaryimage"},"thumbnailUrl":"https:\/\/helloline.pl\/wp-content\/uploads\/2024\/05\/Busy-do-Niemiec-Lubelskie.jpg","datePublished":"2024-04-29T16:37:51+00:00","dateModified":"2024-05-16T16:13:58+00:00","breadcrumb":{"@id":"https:\/\/helloline.pl\/busy-polska-niemcy\/lubelskie\/#breadcrumb"},"inLanguage":"pl-PL","potentialAction":[{"@type":"ReadAction","target":["https:\/\/helloline.pl\/busy-polska-niemcy\/lubelskie\/"]}]},{"@type":"ImageObject","inLanguage":"pl-PL","@id":"https:\/\/helloline.pl\/busy-polska-niemcy\/lubelskie\/#primaryimage","url":"https:\/\/helloline.pl\/wp-content\/uploads\/2024\/05\/Busy-do-Niemiec-Lubelskie.jpg","contentUrl":"https:\/\/helloline.pl\/wp-content\/uploads\/2024\/05\/Busy-do-Niemiec-Lubelskie.jpg","width":1200,"height":600},{"@type":"BreadcrumbList","@id":"https:\/\/helloline.pl\/busy-polska-niemcy\/lubelskie\/#breadcrumb","itemListElement":[{"@type":"ListItem","position":1,"name":"Strona g\u0142\u00f3wna","item":"https:\/\/helloline.pl\/"},{"@type":"ListItem","position":2,"name":"Busy Polska Niemcy","item":"https:\/\/helloline.pl\/busy-polska-niemcy\/"},{"@type":"ListItem","position":3,"name":"Busy do Niemiec Lubelskie"}]},{"@type":"WebSite","@id":"https:\/\/helloline.pl\/#website","url":"https:\/\/helloline.pl\/","name":"Busy do Belgii, Holandii i Niemiec z Polski","description":"","potentialAction":[{"@type":"SearchAction","target":{"@type":"EntryPoint","urlTemplate":"https:\/\/helloline.pl\/?s={search_term_string}"},"query-input":{"@type":"PropertyValueSpecification","valueRequired":true,"valueName":"search_term_string"}}],"inLanguage":"pl-PL"}]}},"_links":{"self":[{"href":"https:\/\/helloline.pl\/wp-json\/wp\/v2\/pages\/474322","targetHints":{"allow":["GET"]}}],"collection":[{"href":"https:\/\/helloline.pl\/wp-json\/wp\/v2\/pages"}],"about":[{"href":"https:\/\/helloline.pl\/wp-json\/wp\/v2\/types\/page"}],"author":[{"embeddable":true,"href":"https:\/\/helloline.pl\/wp-json\/wp\/v2\/users\/1"}],"replies":[{"embeddable":true,"href":"https:\/\/helloline.pl\/wp-json\/wp\/v2\/comments?post=474322"}],"version-history":[{"count":5,"href":"https:\/\/helloline.pl\/wp-json\/wp\/v2\/pages\/474322\/revisions"}],"predecessor-version":[{"id":476356,"href":"https:\/\/helloline.pl\/wp-json\/wp\/v2\/pages\/474322\/revisions\/476356"}],"up":[{"embeddable":true,"href":"https:\/\/helloline.pl\/wp-json\/wp\/v2\/pages\/473991"}],"wp:featuredmedia":[{"embeddable":true,"href":"https:\/\/helloline.pl\/wp-json\/wp\/v2\/media\/474350"}],"wp:attachment":[{"href":"https:\/\/helloline.pl\/wp-json\/wp\/v2\/media?parent=474322"}],"curies":[{"name":"wp","href":"https:\/\/api.w.org\/{rel}","templated":true}]}}