{"id":474276,"date":"2024-04-29T14:28:39","date_gmt":"2024-04-29T14:28:39","guid":{"rendered":"https:\/\/helloline.pl\/?page_id=474276"},"modified":"2024-05-07T12:42:53","modified_gmt":"2024-05-07T12:42:53","slug":"polityka-cookies","status":"publish","type":"page","link":"https:\/\/helloline.pl\/polityka-cookies\/","title":{"rendered":"Polityka Cookies"},"content":{"rendered":"<p>[et_pb_section fb_built=&#8221;1&#8243; theme_builder_area=&#8221;post_content&#8221; _builder_version=&#8221;4.24.3&#8243; _module_preset=&#8221;default&#8221;][et_pb_row _builder_version=&#8221;4.24.3&#8243; _module_preset=&#8221;default&#8221; theme_builder_area=&#8221;post_content&#8221;][et_pb_column _builder_version=&#8221;4.24.3&#8243; _module_preset=&#8221;default&#8221; type=&#8221;4_4&#8243; theme_builder_area=&#8221;post_content&#8221;][et_pb_text _builder_version=&#8221;4.24.3&#8243; _module_preset=&#8221;default&#8221; theme_builder_area=&#8221;post_content&#8221; hover_enabled=&#8221;0&#8243; sticky_enabled=&#8221;0&#8243;]<\/p>\n<h1>Informacje na temat naszego u\u017cywania plik\u00f3w cookie.<\/h1>\n<p>Ta strona helloline.pl u\u017cywa plik\u00f3w cookie, aby pom\u00f3c nam zapewni\u0107 naszym u\u017cytkownikom dobre do\u015bwiadczenie podczas przegl\u0105dania naszej strony internetowej i pozwala nam r\u00f3wnie\u017c poprawi\u0107 nasz\u0105 witryn\u0119.<\/p>\n<h4>Co to jest plik cookie?<\/h4>\n<p>Plik cookie to ma\u0142y plik z literami i cyframi, kt\u00f3ry przechowujemy w przegl\u0105darce lub twardym dysku komputera u\u017cytkownika, je\u015bli zgodzi si\u0119 na to. Pliki cookie zawieraj\u0105 informacje, kt\u00f3re s\u0105 przenoszone na twardy dysk komputera u\u017cytkownika.<\/p>\n<h4>Rodzaje plik\u00f3w cookie i spos\u00f3b, w jaki ich u\u017cywamy.<\/h4>\n<p>Regularnie przeprowadzamy skany plik\u00f3w cookie na naszej stronie internetowej i utrzymujemy nasz\u0105 list\u0119 plik\u00f3w cookie w aktualnym stanie. Klasyfikujemy pliki cookie w czterech kategoriach:<\/p>\n<ul>\n<li><strong>Pliki cookie niezb\u0119dne.<\/strong><span>\u00a0<\/span>S\u0105 to pliki cookie, kt\u00f3re s\u0105 wymagane do dzia\u0142ania naszej strony internetowej. Obejmuj\u0105 one na przyk\u0142ad pliki cookie, kt\u00f3re umo\u017cliwiaj\u0105 odwiedzaj\u0105cym stron\u0119 internetow\u0105 logowanie si\u0119 do bezpiecznych obszar\u00f3w naszej witryny, korzystanie z koszyka zakupowego lub korzystanie z us\u0142ug e-fakturowania.\n<p>&#8211;<em>YSC<\/em><span>\u00a0<\/span>Wyga\u015bni\u0119cie: Sesja Opis: Registers a unique ID to keep statistics of what videos from YouTube the user has seen.<\/p>\n<p>&#8211;<em>illow-consent<\/em><span>\u00a0<\/span>Wyga\u015bni\u0119cie: Sesja Opis: This cookie is used to keep track of a given consent in the platform<\/li>\n<li><strong>Analityczne \/ wydajno\u015bciowe pliki cookie.<\/strong><span>\u00a0<\/span>Umo\u017cliwiaj\u0105 nam rozpoznawanie i liczenie liczby odwiedzaj\u0105cych oraz sprawdzanie, w jaki spos\u00f3b odwiedzaj\u0105cy poruszaj\u0105 si\u0119 po naszej stronie internetowej, korzystaj\u0105c z niej. To pomaga nam poprawi\u0107 dzia\u0142anie naszej strony internetowej, na przyk\u0142ad zapewniaj\u0105c, \u017ce u\u017cytkownicy \u0142atwo znajduj\u0105 to, czego szukaj\u0105.\n<p>&#8211;<em>lastExternalReferrerTime<\/em><span>\u00a0<\/span>Wyga\u015bni\u0119cie: Sesja Opis: Analyze user behavior and optimize user flow<\/p>\n<p>&#8211;<em>lastExternalReferrer<\/em><span>\u00a0<\/span>Wyga\u015bni\u0119cie: Sesja Opis: Track website traffic sources and external referrals<\/li>\n<li><strong>Pliki cookie preferencji.<\/strong><span>\u00a0<\/span>S\u0142u\u017c\u0105 do rozpoznawania u\u017cytkownik\u00f3w, gdy powracaj\u0105 na nasz\u0105 stron\u0119 internetow\u0105. To umo\u017cliwia nam personalizacj\u0119 naszej zawarto\u015bci dla nich i pami\u0119tanie ich preferencji (na przyk\u0142ad ich wyboru j\u0119zyka lub regionu).<\/li>\n<li><strong>Pliki cookie marketingowe.<\/strong><span>\u00a0<\/span>Te pliki cookie rejestruj\u0105 odwiedziny u\u017cytkownik\u00f3w na naszej stronie internetowej, strony, kt\u00f3re odwiedzili i linki, kt\u00f3re prze\u015bledzili. U\u017cyjemy te informacje, aby nasza witryna i reklamy wy\u015bwietlane na niej by\u0142y bardziej odpowiednie dla zainteresowa\u0144 odwiedzaj\u0105cych nasz\u0105 witryn\u0119.\n<p>&#8211;<em>pbid<\/em><span>\u00a0<\/span>Wyga\u015bni\u0119cie: 180 dni Opis: Personalize ads, measure ad campaign effectiveness, and attribute conversions.<\/p>\n<p>&#8211;<em>NID<\/em><span>\u00a0<\/span>Wyga\u015bni\u0119cie: 183 dni Opis: This cookies is used to collect website statistics and track conversion rates and Google ad personalisation<\/p>\n<p>-_<em>fbp<\/em><span>\u00a0<\/span>Wyga\u015bni\u0119cie: 7 dni Opis: Used by Facebook to deliver a series of advertisement products such as real time bidding from third party advertisers<\/p>\n<p>&#8211;<em>VISITOR_INFO1_LIVE<\/em><span>\u00a0<\/span>Wyga\u015bni\u0119cie: 180 dni Opis: Tries to estimate the users&#8217; bandwidth on pages with integrated YouTube videos.<\/li>\n<\/ul>\n<p>W zale\u017cno\u015bci od lokalizacji u\u017cytkownika b\u0119d\u0105 oni mogli wy\u0142\u0105czy\u0107 si\u0119 z ka\u017cdej kategorii plik\u00f3w cookie (z wyj\u0105tkiem niezb\u0119dnych plik\u00f3w cookie), klikaj\u0105c na &#8222;ustawienie niestandardowego uprawnienia&#8221; w pasku plik\u00f3w cookie naszej strony internetowej.[\/et_pb_text][\/et_pb_column][\/et_pb_row][\/et_pb_section]<\/p>\n","protected":false},"excerpt":{"rendered":"<p>Informacje na temat naszego u\u017cywania plik\u00f3w cookie. Ta strona helloline.pl u\u017cywa plik\u00f3w cookie, aby pom\u00f3c nam zapewni\u0107 naszym u\u017cytkownikom dobre do\u015bwiadczenie podczas przegl\u0105dania naszej strony internetowej i pozwala nam r\u00f3wnie\u017c poprawi\u0107 nasz\u0105 witryn\u0119. Co to jest plik cookie? Plik cookie to ma\u0142y plik z literami i cyframi, kt\u00f3ry przechowujemy w przegl\u0105darce lub twardym dysku komputera [&hellip;]<\/p>\n","protected":false},"author":1,"featured_media":0,"parent":0,"menu_order":0,"comment_status":"closed","ping_status":"closed","template":"","meta":{"_acf_changed":false,"_et_pb_use_builder":"on","_et_pb_old_content":"","_et_gb_content_width":"","footnotes":""},"class_list":["post-474276","page","type-page","status-publish","hentry"],"acf":[],"yoast_head":"<!-- This site is optimized with the Yoast SEO plugin v27.6 - https:\/\/yoast.com\/product\/yoast-seo-wordpress\/ -->\n<title>Polityka Cookies - Busy do Belgii, Holandii i Niemiec z Polski<\/title>\n<meta name=\"robots\" content=\"index, follow, max-snippet:-1, max-image-preview:large, max-video-preview:-1\" \/>\n<link rel=\"canonical\" href=\"https:\/\/helloline.pl\/polityka-cookies\/\" \/>\n<meta property=\"og:locale\" content=\"pl_PL\" \/>\n<meta property=\"og:type\" content=\"article\" \/>\n<meta property=\"og:title\" content=\"Polityka Cookies - Busy do Belgii, Holandii i Niemiec z Polski\" \/>\n<meta property=\"og:description\" content=\"Informacje na temat naszego u\u017cywania plik\u00f3w cookie. Ta strona helloline.pl u\u017cywa plik\u00f3w cookie, aby pom\u00f3c nam zapewni\u0107 naszym u\u017cytkownikom dobre do\u015bwiadczenie podczas przegl\u0105dania naszej strony internetowej i pozwala nam r\u00f3wnie\u017c poprawi\u0107 nasz\u0105 witryn\u0119. Co to jest plik cookie? Plik cookie to ma\u0142y plik z literami i cyframi, kt\u00f3ry przechowujemy w przegl\u0105darce lub twardym dysku komputera [&hellip;]\" \/>\n<meta property=\"og:site_name\" content=\"Busy do Belgii, Holandii i Niemiec z Polski\" \/>\n<meta property=\"article:modified_time\" content=\"2024-05-07T12:42:53+00:00\" \/>\n<meta name=\"twitter:card\" content=\"summary_large_image\" \/>\n<script type=\"application\/ld+json\" class=\"yoast-schema-graph\">{\"@context\":\"https:\\\/\\\/schema.org\",\"@graph\":[{\"@type\":\"WebPage\",\"@id\":\"https:\\\/\\\/helloline.pl\\\/polityka-cookies\\\/\",\"url\":\"https:\\\/\\\/helloline.pl\\\/polityka-cookies\\\/\",\"name\":\"Polityka Cookies - Busy do Belgii, Holandii i Niemiec z Polski\",\"isPartOf\":{\"@id\":\"https:\\\/\\\/helloline.pl\\\/#website\"},\"datePublished\":\"2024-04-29T14:28:39+00:00\",\"dateModified\":\"2024-05-07T12:42:53+00:00\",\"breadcrumb\":{\"@id\":\"https:\\\/\\\/helloline.pl\\\/polityka-cookies\\\/#breadcrumb\"},\"inLanguage\":\"pl-PL\",\"potentialAction\":[{\"@type\":\"ReadAction\",\"target\":[\"https:\\\/\\\/helloline.pl\\\/polityka-cookies\\\/\"]}]},{\"@type\":\"BreadcrumbList\",\"@id\":\"https:\\\/\\\/helloline.pl\\\/polityka-cookies\\\/#breadcrumb\",\"itemListElement\":[{\"@type\":\"ListItem\",\"position\":1,\"name\":\"Strona g\u0142\u00f3wna\",\"item\":\"https:\\\/\\\/helloline.pl\\\/\"},{\"@type\":\"ListItem\",\"position\":2,\"name\":\"Polityka Cookies\"}]},{\"@type\":\"WebSite\",\"@id\":\"https:\\\/\\\/helloline.pl\\\/#website\",\"url\":\"https:\\\/\\\/helloline.pl\\\/\",\"name\":\"Busy do Belgii, Holandii i Niemiec z Polski\",\"description\":\"\",\"potentialAction\":[{\"@type\":\"SearchAction\",\"target\":{\"@type\":\"EntryPoint\",\"urlTemplate\":\"https:\\\/\\\/helloline.pl\\\/?s={search_term_string}\"},\"query-input\":{\"@type\":\"PropertyValueSpecification\",\"valueRequired\":true,\"valueName\":\"search_term_string\"}}],\"inLanguage\":\"pl-PL\"}]}<\/script>\n<!-- \/ Yoast SEO plugin. -->","yoast_head_json":{"title":"Polityka Cookies - Busy do Belgii, Holandii i Niemiec z Polski","robots":{"index":"index","follow":"follow","max-snippet":"max-snippet:-1","max-image-preview":"max-image-preview:large","max-video-preview":"max-video-preview:-1"},"canonical":"https:\/\/helloline.pl\/polityka-cookies\/","og_locale":"pl_PL","og_type":"article","og_title":"Polityka Cookies - Busy do Belgii, Holandii i Niemiec z Polski","og_description":"Informacje na temat naszego u\u017cywania plik\u00f3w cookie. Ta strona helloline.pl u\u017cywa plik\u00f3w cookie, aby pom\u00f3c nam zapewni\u0107 naszym u\u017cytkownikom dobre do\u015bwiadczenie podczas przegl\u0105dania naszej strony internetowej i pozwala nam r\u00f3wnie\u017c poprawi\u0107 nasz\u0105 witryn\u0119. Co to jest plik cookie? Plik cookie to ma\u0142y plik z literami i cyframi, kt\u00f3ry przechowujemy w przegl\u0105darce lub twardym dysku komputera [&hellip;]","og_site_name":"Busy do Belgii, Holandii i Niemiec z Polski","article_modified_time":"2024-05-07T12:42:53+00:00","twitter_card":"summary_large_image","schema":{"@context":"https:\/\/schema.org","@graph":[{"@type":"WebPage","@id":"https:\/\/helloline.pl\/polityka-cookies\/","url":"https:\/\/helloline.pl\/polityka-cookies\/","name":"Polityka Cookies - Busy do Belgii, Holandii i Niemiec z Polski","isPartOf":{"@id":"https:\/\/helloline.pl\/#website"},"datePublished":"2024-04-29T14:28:39+00:00","dateModified":"2024-05-07T12:42:53+00:00","breadcrumb":{"@id":"https:\/\/helloline.pl\/polityka-cookies\/#breadcrumb"},"inLanguage":"pl-PL","potentialAction":[{"@type":"ReadAction","target":["https:\/\/helloline.pl\/polityka-cookies\/"]}]},{"@type":"BreadcrumbList","@id":"https:\/\/helloline.pl\/polityka-cookies\/#breadcrumb","itemListElement":[{"@type":"ListItem","position":1,"name":"Strona g\u0142\u00f3wna","item":"https:\/\/helloline.pl\/"},{"@type":"ListItem","position":2,"name":"Polityka Cookies"}]},{"@type":"WebSite","@id":"https:\/\/helloline.pl\/#website","url":"https:\/\/helloline.pl\/","name":"Busy do Belgii, Holandii i Niemiec z Polski","description":"","potentialAction":[{"@type":"SearchAction","target":{"@type":"EntryPoint","urlTemplate":"https:\/\/helloline.pl\/?s={search_term_string}"},"query-input":{"@type":"PropertyValueSpecification","valueRequired":true,"valueName":"search_term_string"}}],"inLanguage":"pl-PL"}]}},"_links":{"self":[{"href":"https:\/\/helloline.pl\/wp-json\/wp\/v2\/pages\/474276","targetHints":{"allow":["GET"]}}],"collection":[{"href":"https:\/\/helloline.pl\/wp-json\/wp\/v2\/pages"}],"about":[{"href":"https:\/\/helloline.pl\/wp-json\/wp\/v2\/types\/page"}],"author":[{"embeddable":true,"href":"https:\/\/helloline.pl\/wp-json\/wp\/v2\/users\/1"}],"replies":[{"embeddable":true,"href":"https:\/\/helloline.pl\/wp-json\/wp\/v2\/comments?post=474276"}],"version-history":[{"count":3,"href":"https:\/\/helloline.pl\/wp-json\/wp\/v2\/pages\/474276\/revisions"}],"predecessor-version":[{"id":476346,"href":"https:\/\/helloline.pl\/wp-json\/wp\/v2\/pages\/474276\/revisions\/476346"}],"wp:attachment":[{"href":"https:\/\/helloline.pl\/wp-json\/wp\/v2\/media?parent=474276"}],"curies":[{"name":"wp","href":"https:\/\/api.w.org\/{rel}","templated":true}]}}